{"id":58720,"date":"2026-03-26T13:47:13","date_gmt":"2026-03-26T12:47:13","guid":{"rendered":"https:\/\/www.streamio.com\/iso-27001\/"},"modified":"2026-03-26T15:28:11","modified_gmt":"2026-03-26T14:28:11","slug":"iso-27001","status":"publish","type":"page","link":"https:\/\/www.streamio.com\/sv\/iso-27001\/","title":{"rendered":"ISO 27001-certifiering"},"content":{"rendered":"\t\t<div data-elementor-type=\"wp-page\" data-elementor-id=\"58720\" class=\"elementor elementor-58720 elementor-58715\" data-elementor-post-type=\"page\">\n\t\t\t\t\t\t<section class=\"elementor-section elementor-top-section elementor-element elementor-element-742bec5 elementor-section-height-min-height elementor-section-boxed elementor-section-height-default elementor-section-items-middle\" data-id=\"742bec5\" data-element_type=\"section\" data-e-type=\"section\" data-settings=\"{&quot;background_background&quot;:&quot;gradient&quot;}\">\n\t\t\t\t\t\t<div class=\"elementor-container elementor-column-gap-default\">\n\t\t\t\t\t<div class=\"elementor-column elementor-col-100 elementor-top-column elementor-element elementor-element-e287f65\" data-id=\"e287f65\" data-element_type=\"column\" data-e-type=\"column\">\n\t\t\t<div class=\"elementor-widget-wrap elementor-element-populated\">\n\t\t\t\t\t\t<div class=\"elementor-element elementor-element-650f879 elementor-widget elementor-widget-heading\" data-id=\"650f879\" data-element_type=\"widget\" data-e-type=\"widget\" data-widget_type=\"heading.default\">\n\t\t\t\t\t<h1 class=\"elementor-heading-title elementor-size-default\">ISO 27001-certifiering\n<\/h1>\t\t\t\t<\/div>\n\t\t\t\t\t<\/div>\n\t\t<\/div>\n\t\t\t\t\t<\/div>\n\t\t<\/section>\n\t\t\t\t<section class=\"elementor-section elementor-top-section elementor-element elementor-element-04e0c96 elementor-section-boxed elementor-section-height-default elementor-section-height-default\" data-id=\"04e0c96\" data-element_type=\"section\" data-e-type=\"section\">\n\t\t\t\t\t\t<div class=\"elementor-container elementor-column-gap-default\">\n\t\t\t\t\t<div class=\"elementor-column elementor-col-100 elementor-top-column elementor-element elementor-element-1d4adc9\" data-id=\"1d4adc9\" data-element_type=\"column\" data-e-type=\"column\">\n\t\t\t<div class=\"elementor-widget-wrap elementor-element-populated\">\n\t\t\t\t\t\t<div class=\"elementor-element elementor-element-a00fd68 elementor-widget elementor-widget-image\" data-id=\"a00fd68\" data-element_type=\"widget\" data-e-type=\"widget\" data-widget_type=\"image.default\">\n\t\t\t\t\t\t\t\t\t\t\t\t\t\t\t<img fetchpriority=\"high\" decoding=\"async\" width=\"300\" height=\"300\" src=\"https:\/\/www.streamio.com\/wp-content\/uploads\/2026\/03\/iso-27001-Rackfish-300x300.png\" class=\"attachment-medium size-medium wp-image-58685\" alt=\"iso 27001 - Rackfish\" srcset=\"https:\/\/www.streamio.com\/wp-content\/uploads\/2026\/03\/iso-27001-Rackfish-300x300.png 300w, https:\/\/www.streamio.com\/wp-content\/uploads\/2026\/03\/iso-27001-Rackfish-150x150.png 150w, https:\/\/www.streamio.com\/wp-content\/uploads\/2026\/03\/iso-27001-Rackfish.png 480w\" sizes=\"(max-width: 300px) 100vw, 300px\" title=\"\">\t\t\t\t\t\t\t\t\t\t\t\t\t\t\t<\/div>\n\t\t\t\t<div class=\"elementor-element elementor-element-2545213 elementor-widget elementor-widget-text-editor\" data-id=\"2545213\" data-element_type=\"widget\" data-e-type=\"widget\" data-widget_type=\"text-editor.default\">\n\t\t\t\t\t\t\t\t\t<p>Rackfish AB, f\u00f6retaget bakom Streamio, \u00e4r certifierat enligt ISO\/IEC 27001:2022 f\u00f6r sitt informationss\u00e4kerhetshanteringssystem.<\/p><p>Denna certifiering bekr\u00e4ftar att Rackfish AB har etablerat och underh\u00e5ller ett informationss\u00e4kerhetshanteringssystem som bed\u00f6ms mot en internationellt erk\u00e4nd standard.<\/p><ul><li>Certifikat (PDF): <a href=\"https:\/\/www.rackfish.com\/wp-content\/uploads\/2026\/03\/E-Copy-_Rackfish-AB_ISMS_CA.pdf\" target=\"_blank\" rel=\"noopener\">Visa certifikat<\/a>.<\/li><li>Certifieringsorgan: InterCert Inc.<\/li><li>Registreringsnummer: IC-IS-2603182.<\/li><li>Omfattning: Informationsteknologi, mjukvaruutveckling, informationss\u00e4kerhet, produktdrift, kundframg\u00e5ng, efterlevnad och finans.<\/li><\/ul><p>Certifikatet kan verifieras vid <a href=\"https:\/\/www.intercert.com\/resources\/certification-verification\" target=\"_blank\" rel=\"noopener\">www.intercert.com<\/a> med registreringsnumret ovan.<\/p>\t\t\t\t\t\t\t\t<\/div>\n\t\t\t\t\t<\/div>\n\t\t<\/div>\n\t\t\t\t\t<\/div>\n\t\t<\/section>\n\t\t\t\t<\/div>\n\t\t","protected":false},"excerpt":{"rendered":"<p>ISO 27001-certifiering Rackfish AB, f\u00f6retaget bakom Streamio, \u00e4r certifierat enligt ISO\/IEC 27001:2022 f\u00f6r sitt informationss\u00e4kerhetshanteringssystem. Denna certifiering bekr\u00e4ftar att Rackfish AB har etablerat och underh\u00e5ller ett informationss\u00e4kerhetshanteringssystem som bed\u00f6ms mot en internationellt erk\u00e4nd standard. Certifikat (PDF): Visa certifikat. Certifieringsorgan: InterCert Inc. Registreringsnummer: IC-IS-2603182. Omfattning: Informationsteknologi, mjukvaruutveckling, informationss\u00e4kerhet, produktdrift, kundframg\u00e5ng, efterlevnad och finans. Certifikatet kan verifieras [&hellip;]<\/p>\n","protected":false},"author":13,"featured_media":0,"parent":0,"menu_order":0,"comment_status":"closed","ping_status":"closed","template":"","meta":{"_acf_changed":false,"footnotes":""},"class_list":["post-58720","page","type-page","status-publish","hentry"],"acf":[],"_links":{"self":[{"href":"https:\/\/www.streamio.com\/sv\/wp-json\/wp\/v2\/pages\/58720","targetHints":{"allow":["GET"]}}],"collection":[{"href":"https:\/\/www.streamio.com\/sv\/wp-json\/wp\/v2\/pages"}],"about":[{"href":"https:\/\/www.streamio.com\/sv\/wp-json\/wp\/v2\/types\/page"}],"author":[{"embeddable":true,"href":"https:\/\/www.streamio.com\/sv\/wp-json\/wp\/v2\/users\/13"}],"replies":[{"embeddable":true,"href":"https:\/\/www.streamio.com\/sv\/wp-json\/wp\/v2\/comments?post=58720"}],"version-history":[{"count":4,"href":"https:\/\/www.streamio.com\/sv\/wp-json\/wp\/v2\/pages\/58720\/revisions"}],"predecessor-version":[{"id":58756,"href":"https:\/\/www.streamio.com\/sv\/wp-json\/wp\/v2\/pages\/58720\/revisions\/58756"}],"wp:attachment":[{"href":"https:\/\/www.streamio.com\/sv\/wp-json\/wp\/v2\/media?parent=58720"}],"curies":[{"name":"wp","href":"https:\/\/api.w.org\/{rel}","templated":true}]}}