{"id":53643,"date":"2025-03-14T14:16:46","date_gmt":"2025-03-14T13:16:46","guid":{"rendered":"https:\/\/www.streamio.com\/?page_id=53643"},"modified":"2025-06-24T15:10:39","modified_gmt":"2025-06-24T13:10:39","slug":"streamio-integration-med-pexip","status":"publish","type":"page","link":"https:\/\/www.streamio.com\/sv\/streamio-integration-med-pexip\/","title":{"rendered":"Streamio-integration med Pexip"},"content":{"rendered":"\t\t<div data-elementor-type=\"wp-page\" data-elementor-id=\"53643\" class=\"elementor elementor-53643\" data-elementor-post-type=\"page\">\n\t\t\t\t\t\t<section class=\"elementor-section elementor-top-section elementor-element elementor-element-7d2abc7 elementor-section-stretched elementor-section-full_width elementor-section-height-min-height elementor-section-height-default elementor-section-items-middle\" data-id=\"7d2abc7\" data-element_type=\"section\" data-e-type=\"section\" data-settings=\"{&quot;stretch_section&quot;:&quot;section-stretched&quot;,&quot;background_background&quot;:&quot;gradient&quot;}\">\n\t\t\t\t\t\t<div class=\"elementor-container elementor-column-gap-default\">\n\t\t\t\t\t<div class=\"elementor-column elementor-col-100 elementor-top-column elementor-element elementor-element-14258a6d\" data-id=\"14258a6d\" data-element_type=\"column\" data-e-type=\"column\">\n\t\t\t<div class=\"elementor-widget-wrap elementor-element-populated\">\n\t\t\t\t\t\t<div class=\"elementor-element elementor-element-2c3d85c elementor-widget elementor-widget-heading\" data-id=\"2c3d85c\" data-element_type=\"widget\" data-e-type=\"widget\" data-widget_type=\"heading.default\">\n\t\t\t\t\t<h1 class=\"elementor-heading-title elementor-size-default\">Streamio-integration med Pexip<\/h1>\t\t\t\t<\/div>\n\t\t\t\t<div class=\"elementor-element elementor-element-d17de49 elementor-widget elementor-widget-heading\" data-id=\"d17de49\" data-element_type=\"widget\" data-e-type=\"widget\" data-widget_type=\"heading.default\">\n\t\t\t\t\t<h2 class=\"elementor-heading-title elementor-size-default\">Direktinspelning, lagring och GDPR-s\u00e4ker hantering av m\u00f6ten<\/h2>\t\t\t\t<\/div>\n\t\t\t\t\t<\/div>\n\t\t<\/div>\n\t\t\t\t\t<\/div>\n\t\t<\/section>\n\t\t\t\t<section class=\"elementor-section elementor-top-section elementor-element elementor-element-1e0a08e elementor-section-boxed elementor-section-height-default elementor-section-height-default\" data-id=\"1e0a08e\" data-element_type=\"section\" data-e-type=\"section\">\n\t\t\t\t\t\t<div class=\"elementor-container elementor-column-gap-default\">\n\t\t\t\t\t<div class=\"elementor-column elementor-col-100 elementor-top-column elementor-element elementor-element-616ea16\" data-id=\"616ea16\" data-element_type=\"column\" data-e-type=\"column\">\n\t\t\t<div class=\"elementor-widget-wrap elementor-element-populated\">\n\t\t\t\t\t\t<div class=\"elementor-element elementor-element-3f24cf0 elementor-widget elementor-widget-heading\" data-id=\"3f24cf0\" data-element_type=\"widget\" data-e-type=\"widget\" data-widget_type=\"heading.default\">\n\t\t\t\t\t<h2 class=\"elementor-heading-title elementor-size-default\">Funktioner f\u00f6r Streamios Pexip-integration<\/h2>\t\t\t\t<\/div>\n\t\t\t\t<div class=\"elementor-element elementor-element-abd54f1 elementor-widget elementor-widget-image\" data-id=\"abd54f1\" data-element_type=\"widget\" data-e-type=\"widget\" data-widget_type=\"image.default\">\n\t\t\t\t\t\t\t\t\t\t\t\t\t\t\t<img fetchpriority=\"high\" decoding=\"async\" width=\"800\" height=\"166\" src=\"https:\/\/www.streamio.com\/wp-content\/uploads\/2025\/03\/Streamio-Pexip-1024x212.jpeg\" class=\"attachment-large size-large wp-image-53675\" alt=\"Streamio + Pexip\" srcset=\"https:\/\/www.streamio.com\/wp-content\/uploads\/2025\/03\/Streamio-Pexip-1024x212.jpeg 1024w, https:\/\/www.streamio.com\/wp-content\/uploads\/2025\/03\/Streamio-Pexip-300x62.jpeg 300w, https:\/\/www.streamio.com\/wp-content\/uploads\/2025\/03\/Streamio-Pexip-768x159.jpeg 768w, https:\/\/www.streamio.com\/wp-content\/uploads\/2025\/03\/Streamio-Pexip.jpeg 1200w\" sizes=\"(max-width: 800px) 100vw, 800px\" title=\"\">\t\t\t\t\t\t\t\t\t\t\t\t\t\t\t<\/div>\n\t\t\t\t<div class=\"elementor-element elementor-element-31bae2a elementor-button-info elementor-align-center elementor-widget elementor-widget-button\" data-id=\"31bae2a\" data-element_type=\"widget\" data-e-type=\"widget\" data-widget_type=\"button.default\">\n\t\t\t\t\t\t\t\t\t\t<a class=\"elementor-button elementor-button-link elementor-size-lg\" href=\"#pexipdemo\">\n\t\t\t\t\t\t<span class=\"elementor-button-content-wrapper\">\n\t\t\t\t\t\t\t\t\t<span class=\"elementor-button-text\">Titta p\u00e5 demo<\/span>\n\t\t\t\t\t<\/span>\n\t\t\t\t\t<\/a>\n\t\t\t\t\t\t\t\t<\/div>\n\t\t\t\t<div class=\"elementor-element elementor-element-b075c69 elementor-widget elementor-widget-text-editor\" data-id=\"b075c69\" data-element_type=\"widget\" data-e-type=\"widget\" data-widget_type=\"text-editor.default\">\n\t\t\t\t\t\t\t\t\t<h3>Spela in Pexip-m\u00f6ten<\/h3><p>Med Streamios Pexip-plugin kan m\u00f6tesv\u00e4rden starta inspelning av m\u00f6ten direkt i Pexip. Efter avslutad inspelning f\u00e5r m\u00f6tesv\u00e4rden en l\u00e4nk till videon med m\u00f6jlighet att ladda ner denna. Det \u00e4r ocks\u00e5 enkelt att i efterhand publicera videon direkt fr\u00e5n Streamio, antingen som en l\u00e4nk eller p\u00e5 en webbsida. Med Streamio s\u00e5 f\u00e5r man marknadens mest kostnadseffektiva plattform f\u00f6r video, och nu kan \u00e4ven Pexip-m\u00f6ten vara en k\u00e4lla f\u00f6r inneh\u00e5ll i Streamio.<\/p>\t\t\t\t\t\t\t\t<\/div>\n\t\t\t\t<div class=\"elementor-element elementor-element-6727491 elementor-widget elementor-widget-text-editor\" data-id=\"6727491\" data-element_type=\"widget\" data-e-type=\"widget\" data-widget_type=\"text-editor.default\">\n\t\t\t\t\t\t\t\t\t<h3>Pexip-inspelning gratis f\u00f6r Streamio anv\u00e4ndare<\/h3><p>Streamio Pexip-integration ing\u00e5r utan extra kostnad i v\u00e5ra Enterprise- samt Pro-paket. Datatrafiken som uppkommer av streamade m\u00f6ten dras fr\u00e5n den pott som ing\u00e5r i Streamio. Samma sak g\u00e4ller lagringsutrymmet om du v\u00e4ljer att spara dina m\u00f6ten.<\/p><p><span style=\"color: var( --e-global-color-text ); font-family: var( --e-global-typography-text-font-family ), Sans-serif; font-weight: var( --e-global-typography-text-font-weight ); font-size: 1rem;\">Saknar du ett Streamio-abonnemang s\u00e5 har Streamio marknadens mest prisv\u00e4rda paket, och d\u00e5 ing\u00e5r all annan funktionalitet som en organisation beh\u00f6ver f\u00f6r att hantera livestreaming och video tillsammans med en gener\u00f6s tilldelning av trafik och lagring. De flesta organisationer kan spara mellan 25-75% p\u00e5 att anv\u00e4nda Streamio f\u00f6r video online.<\/span><\/p><p><a href=\"https:\/\/www.streamio.com\/sv\/svensk-kvalitetsstreaming\/\" target=\"_blank\" rel=\"noopener\"><strong>Alla v\u00e5ra priser finns h\u00e4r.<\/strong><\/a><\/p>\t\t\t\t\t\t\t\t<\/div>\n\t\t\t\t<div class=\"elementor-element elementor-element-bc7b394 elementor-widget elementor-widget-text-editor\" data-id=\"bc7b394\" data-element_type=\"widget\" data-e-type=\"widget\" data-widget_type=\"text-editor.default\">\n\t\t\t\t\t\t\t\t\t<h3>Integritet och GDPR<\/h3><p>Streamio har ett starkt fokus p\u00e5 Privacy och att\u00a0<a href=\"https:\/\/www.streamio.com\/sv\/online-videoplattform\/gdpr-saker-streaming-video\/\" target=\"_blank\" rel=\"noopener\">efterf\u00f6lja GDPR<\/a>. Vi minimerar insamling och lagring av all form av personuppgifter vi kan kontrollera. Streamio g\u00e5r att anv\u00e4nda med uteslutande Europeiska eller Svenska underleverant\u00f6rer och vi \u00e4ger och f\u00f6rvaltar sj\u00e4lva alla servrar som anv\u00e4nds.<\/p><p>F\u00f6r v\u00e5r Pexip-integration har vi valt att l\u00e4gga till en niv\u00e5 ytterligare d\u00e4r allt inneh\u00e5ll automatiskt raderas efter 180 dagar fr\u00e5n Streamio. Man kan dock v\u00e4lja ett annat intervall om man \u00f6nskar ha snabbare eller l\u00e4ngre livsl\u00e4ngd p\u00e5 inneh\u00e5llet. N\u00e4r en inspelning \u00e4r klar f\u00e5r m\u00f6tesv\u00e4rden m\u00f6jlighet att ladda ner inneh\u00e5llet och den som ett konto p\u00e5 Streamio kan \u00e4ven v\u00e4lja att flytta en inspelning till ett annat konto som inte raderas automatiskt om det exempelvis \u00e4r ett webinar som skall leva l\u00e4nge<span style=\"color: var( --e-global-color-text ); font-family: var( --e-global-typography-text-font-family ), Sans-serif; font-size: 1rem;\">.<\/span><span style=\"color: var( --e-global-color-text ); font-family: var( --e-global-typography-text-font-family ), Sans-serif; font-size: 1rem;\">\u00a0<\/span><\/p>\t\t\t\t\t\t\t\t<\/div>\n\t\t\t\t<div class=\"elementor-element elementor-element-b26d875 elementor-widget elementor-widget-text-editor\" data-id=\"b26d875\" data-element_type=\"widget\" data-e-type=\"widget\" data-widget_type=\"text-editor.default\">\n\t\t\t\t\t\t\t\t\t<h3>Kommande funktion: Livestreama Pexip M\u00f6ten<\/h3>\t\t\t\t\t\t\t\t<\/div>\n\t\t\t\t<div class=\"elementor-element elementor-element-af86042 elementor-widget elementor-widget-menu-anchor\" data-id=\"af86042\" data-element_type=\"widget\" data-e-type=\"widget\" data-widget_type=\"menu-anchor.default\">\n\t\t\t\t\t\t\t<div class=\"elementor-menu-anchor\" id=\"pexipdemo\"><\/div>\n\t\t\t\t\t\t<\/div>\n\t\t\t\t<div class=\"elementor-element elementor-element-dcc2cbe elementor-widget elementor-widget-text-editor\" data-id=\"dcc2cbe\" data-element_type=\"widget\" data-e-type=\"widget\" data-widget_type=\"text-editor.default\">\n\t\t\t\t\t\t\t\t\t<p>I en kommande version av Streamios Pexip-plugin kommer vi l\u00e4gga till funktionalitet f\u00f6r livestreaming av m\u00f6ten som spelas in. D\u00e5 kan man \u00e4ven f\u00e5 l\u00e4nkar f\u00f6r att kunna l\u00e4gga in ett m\u00f6te p\u00e5 en webbsida eller en Streamiokanal, eller skicka ut en livestreaml\u00e4nken till helt externa anv\u00e4ndare om inte deltar i m\u00f6tet. Perfekt f\u00f6r storm\u00f6ten eller webinar n\u00e4r man vill publicera ett m\u00f6te i flera kanaler &#8211; eller n\u00e4r man bara vill utnyttja Pexips enkla funktioner f\u00f6r att skapa webinar med flera deltagare och sk\u00e4rmdelning.<\/p>\t\t\t\t\t\t\t\t<\/div>\n\t\t\t\t<div class=\"elementor-element elementor-element-f398af0 elementor-widget elementor-widget-heading\" data-id=\"f398af0\" data-element_type=\"widget\" data-e-type=\"widget\" data-widget_type=\"heading.default\">\n\t\t\t\t\t<h2 class=\"elementor-heading-title elementor-size-default\">F\u00e5 tillg\u00e5ng till en kort videodemo som visar hur Streamio integreras med Pexip<\/h2>\t\t\t\t<\/div>\n\t\t\t\t<div class=\"elementor-element elementor-element-c215354 elementor-widget elementor-widget-html\" data-id=\"c215354\" data-element_type=\"widget\" data-e-type=\"widget\" data-widget_type=\"html.default\">\n\t\t\t\t\t<iframe\r\n    src=\"https:\/\/lnk.funnelbud.com\/widget\/form\/JEWe7W3hFWJR8figefoD\"\r\n    style=\"width:100%;height:100%;border:none;border-radius:10px\"\r\n    id=\"inline-JEWe7W3hFWJR8figefoD\" \r\n    data-layout=\"{'id':'INLINE'}\"\r\n    data-trigger-type=\"alwaysShow\"\r\n    data-trigger-value=\"\"\r\n    data-activation-type=\"alwaysActivated\"\r\n    data-activation-value=\"\"\r\n    data-deactivation-type=\"neverDeactivate\"\r\n    data-deactivation-value=\"\"\r\n    data-form-name=\"Pexip demo (sv)\"\r\n    data-height=\"508\"\r\n    data-layout-iframe-id=\"inline-JEWe7W3hFWJR8figefoD\"\r\n    data-form-id=\"JEWe7W3hFWJR8figefoD\"\r\n    title=\"Pexip demo (sv)\"\r\n        >\r\n<\/iframe>\r\n<script src=\"https:\/\/lnk.funnelbud.com\/js\/form_embed.js\"><\/script>\t\t\t\t<\/div>\n\t\t\t\t\t<\/div>\n\t\t<\/div>\n\t\t\t\t\t<\/div>\n\t\t<\/section>\n\t\t\t\t<section class=\"elementor-section elementor-top-section elementor-element elementor-element-21d2225 elementor-section-boxed elementor-section-height-default elementor-section-height-default\" data-id=\"21d2225\" data-element_type=\"section\" data-e-type=\"section\" data-settings=\"{&quot;background_background&quot;:&quot;gradient&quot;,&quot;shape_divider_top&quot;:&quot;waves&quot;}\">\n\t\t\t\t\t\t\t<div class=\"elementor-background-overlay\"><\/div>\n\t\t\t\t\t\t<div class=\"elementor-shape elementor-shape-top\" aria-hidden=\"true\" data-negative=\"false\">\n\t\t\t<svg xmlns=\"http:\/\/www.w3.org\/2000\/svg\" viewBox=\"0 0 1000 100\" preserveAspectRatio=\"none\">\n\t<path class=\"elementor-shape-fill\" d=\"M421.9,6.5c22.6-2.5,51.5,0.4,75.5,5.3c23.6,4.9,70.9,23.5,100.5,35.7c75.8,32.2,133.7,44.5,192.6,49.7\n\tc23.6,2.1,48.7,3.5,103.4-2.5c54.7-6,106.2-25.6,106.2-25.6V0H0v30.3c0,0,72,32.6,158.4,30.5c39.2-0.7,92.8-6.7,134-22.4\n\tc21.2-8.1,52.2-18.2,79.7-24.2C399.3,7.9,411.6,7.5,421.9,6.5z\"\/>\n<\/svg>\t\t<\/div>\n\t\t\t\t\t<div class=\"elementor-container elementor-column-gap-default\">\n\t\t\t\t\t<div class=\"elementor-column elementor-col-50 elementor-top-column elementor-element elementor-element-330f609a\" data-id=\"330f609a\" data-element_type=\"column\" data-e-type=\"column\">\n\t\t\t<div class=\"elementor-widget-wrap elementor-element-populated\">\n\t\t\t\t\t\t<div class=\"elementor-element elementor-element-39ab5dc8 elementor-widget elementor-widget-heading\" data-id=\"39ab5dc8\" data-element_type=\"widget\" data-e-type=\"widget\" data-widget_type=\"heading.default\">\n\t\t\t\t\t<h2 class=\"elementor-heading-title elementor-size-default\"><a href=\"https:\/\/www.streamio.com\/sv\/streaming-paket\/\">TESTA STREAMIO<\/a><\/h2>\t\t\t\t<\/div>\n\t\t\t\t<div class=\"elementor-element elementor-element-66bf5026 elementor-mobile-align-center elementor-align-center elementor-widget elementor-widget-button\" data-id=\"66bf5026\" data-element_type=\"widget\" data-e-type=\"widget\" data-widget_type=\"button.default\">\n\t\t\t\t\t\t\t\t\t\t<a class=\"elementor-button elementor-button-link elementor-size-md\" href=\"https:\/\/www.streamio.com\/sv\/streamio-testkonto\/\">\n\t\t\t\t\t\t<span class=\"elementor-button-content-wrapper\">\n\t\t\t\t\t\t<span class=\"elementor-button-icon\">\n\t\t\t\t<svg aria-hidden=\"true\" class=\"e-font-icon-svg e-fas-arrow-right\" viewBox=\"0 0 448 512\" xmlns=\"http:\/\/www.w3.org\/2000\/svg\"><path d=\"M190.5 66.9l22.2-22.2c9.4-9.4 24.6-9.4 33.9 0L441 239c9.4 9.4 9.4 24.6 0 33.9L246.6 467.3c-9.4 9.4-24.6 9.4-33.9 0l-22.2-22.2c-9.5-9.5-9.3-25 .4-34.3L311.4 296H24c-13.3 0-24-10.7-24-24v-32c0-13.3 10.7-24 24-24h287.4L190.9 101.2c-9.8-9.3-10-24.8-.4-34.3z\"><\/path><\/svg>\t\t\t<\/span>\n\t\t\t\t\t\t\t\t\t<span class=\"elementor-button-text\">GRATIS TESTKONTO<\/span>\n\t\t\t\t\t<\/span>\n\t\t\t\t\t<\/a>\n\t\t\t\t\t\t\t\t<\/div>\n\t\t\t\t<div class=\"elementor-element elementor-element-1c90416c elementor-widget elementor-widget-heading\" data-id=\"1c90416c\" data-element_type=\"widget\" data-e-type=\"widget\" data-widget_type=\"heading.default\">\n\t\t\t\t\t<h2 class=\"elementor-heading-title elementor-size-default\">Har du n\u00e5gra fr\u00e5gor? <br>\nH\u00f6r av dig s\u00e5 hj\u00e4lper vi dig komma ig\u00e5ng med Streamio!<\/h2>\t\t\t\t<\/div>\n\t\t\t\t<div class=\"elementor-element elementor-element-442885a2 elementor-mobile-align-center elementor-align-center elementor-widget elementor-widget-button\" data-id=\"442885a2\" data-element_type=\"widget\" data-e-type=\"widget\" data-widget_type=\"button.default\">\n\t\t\t\t\t\t\t\t\t\t<a class=\"elementor-button elementor-button-link elementor-size-md\" href=\"https:\/\/www.streamio.com\/sv\/kontakta-oss\/\">\n\t\t\t\t\t\t<span class=\"elementor-button-content-wrapper\">\n\t\t\t\t\t\t\t\t\t<span class=\"elementor-button-text\">Kontakta oss<\/span>\n\t\t\t\t\t<\/span>\n\t\t\t\t\t<\/a>\n\t\t\t\t\t\t\t\t<\/div>\n\t\t\t\t\t<\/div>\n\t\t<\/div>\n\t\t\t\t<div class=\"elementor-column elementor-col-50 elementor-top-column elementor-element elementor-element-29c40911\" data-id=\"29c40911\" data-element_type=\"column\" data-e-type=\"column\">\n\t\t\t<div class=\"elementor-widget-wrap elementor-element-populated\">\n\t\t\t\t\t\t<div class=\"elementor-element elementor-element-2e18afd8 elementor-widget elementor-widget-image\" data-id=\"2e18afd8\" data-element_type=\"widget\" data-e-type=\"widget\" data-settings=\"{&quot;motion_fx_motion_fx_scrolling&quot;:&quot;yes&quot;,&quot;motion_fx_translateY_effect&quot;:&quot;yes&quot;,&quot;motion_fx_translateY_direction&quot;:&quot;negative&quot;,&quot;motion_fx_translateY_speed&quot;:{&quot;unit&quot;:&quot;px&quot;,&quot;size&quot;:&quot;1&quot;,&quot;sizes&quot;:[]},&quot;motion_fx_devices&quot;:[&quot;desktop&quot;,&quot;tablet&quot;],&quot;motion_fx_translateY_affectedRange&quot;:{&quot;unit&quot;:&quot;%&quot;,&quot;size&quot;:&quot;&quot;,&quot;sizes&quot;:{&quot;start&quot;:&quot;0&quot;,&quot;end&quot;:&quot;50&quot;}}}\" data-widget_type=\"image.default\">\n\t\t\t\t\t\t\t\t\t\t\t\t\t\t\t\t<a href=\"https:\/\/www.streamio.com\/sv\/kontakta-oss\/\">\n\t\t\t\t\t\t\t<img decoding=\"async\" width=\"768\" height=\"768\" src=\"https:\/\/www.streamio.com\/wp-content\/uploads\/2020\/07\/Calling-768x768.jpeg\" class=\"attachment-medium_large size-medium_large wp-image-12280\" alt=\"Ringer p\u00e5 Smartphone\" srcset=\"https:\/\/www.streamio.com\/wp-content\/uploads\/2020\/07\/Calling-768x768.jpeg 768w, https:\/\/www.streamio.com\/wp-content\/uploads\/2020\/07\/Calling-300x300.jpeg 300w, https:\/\/www.streamio.com\/wp-content\/uploads\/2020\/07\/Calling-1024x1024.jpeg 1024w, https:\/\/www.streamio.com\/wp-content\/uploads\/2020\/07\/Calling-150x150.jpeg 150w, https:\/\/www.streamio.com\/wp-content\/uploads\/2020\/07\/Calling-1536x1536.jpeg 1536w, https:\/\/www.streamio.com\/wp-content\/uploads\/2020\/07\/Calling-2048x2048.jpeg 2048w, https:\/\/www.streamio.com\/wp-content\/uploads\/2020\/07\/Calling-20x20.jpeg 20w, https:\/\/www.streamio.com\/wp-content\/uploads\/2020\/07\/Calling.jpeg 1400w\" sizes=\"(max-width: 768px) 100vw, 768px\" title=\"\">\t\t\t\t\t\t\t\t<\/a>\n\t\t\t\t\t\t\t\t\t\t\t\t\t\t\t<\/div>\n\t\t\t\t\t<\/div>\n\t\t<\/div>\n\t\t\t\t\t<\/div>\n\t\t<\/section>\n\t\t\t\t<\/div>\n\t\t","protected":false},"excerpt":{"rendered":"<p>Streamio-integration med Pexip Direktinspelning, lagring och GDPR-s\u00e4ker hantering av m\u00f6ten Funktioner f\u00f6r Streamios Pexip-integration Titta p\u00e5 demo Spela in Pexip-m\u00f6ten Med Streamios Pexip-plugin kan m\u00f6tesv\u00e4rden starta inspelning av m\u00f6ten direkt i Pexip. Efter avslutad inspelning f\u00e5r m\u00f6tesv\u00e4rden en l\u00e4nk till videon med m\u00f6jlighet att ladda ner denna. Det \u00e4r ocks\u00e5 enkelt att i efterhand publicera [&hellip;]<\/p>\n","protected":false},"author":13,"featured_media":17572,"parent":0,"menu_order":20,"comment_status":"closed","ping_status":"closed","template":"","meta":{"_acf_changed":false,"footnotes":""},"class_list":["post-53643","page","type-page","status-publish","has-post-thumbnail","hentry"],"acf":[],"_links":{"self":[{"href":"https:\/\/www.streamio.com\/sv\/wp-json\/wp\/v2\/pages\/53643","targetHints":{"allow":["GET"]}}],"collection":[{"href":"https:\/\/www.streamio.com\/sv\/wp-json\/wp\/v2\/pages"}],"about":[{"href":"https:\/\/www.streamio.com\/sv\/wp-json\/wp\/v2\/types\/page"}],"author":[{"embeddable":true,"href":"https:\/\/www.streamio.com\/sv\/wp-json\/wp\/v2\/users\/13"}],"replies":[{"embeddable":true,"href":"https:\/\/www.streamio.com\/sv\/wp-json\/wp\/v2\/comments?post=53643"}],"version-history":[{"count":76,"href":"https:\/\/www.streamio.com\/sv\/wp-json\/wp\/v2\/pages\/53643\/revisions"}],"predecessor-version":[{"id":54942,"href":"https:\/\/www.streamio.com\/sv\/wp-json\/wp\/v2\/pages\/53643\/revisions\/54942"}],"wp:featuredmedia":[{"embeddable":true,"href":"https:\/\/www.streamio.com\/sv\/wp-json\/wp\/v2\/media\/17572"}],"wp:attachment":[{"href":"https:\/\/www.streamio.com\/sv\/wp-json\/wp\/v2\/media?parent=53643"}],"curies":[{"name":"wp","href":"https:\/\/api.w.org\/{rel}","templated":true}]}}