{"id":49614,"date":"2023-12-15T10:03:31","date_gmt":"2023-12-15T09:03:31","guid":{"rendered":"https:\/\/www.streamio.com\/?page_id=49614"},"modified":"2023-12-15T11:03:19","modified_gmt":"2023-12-15T10:03:19","slug":"testkonto-funnelbud-flow","status":"publish","type":"page","link":"https:\/\/www.streamio.com\/sv\/testkonto-funnelbud-flow\/","title":{"rendered":"Testkonto &#8211; Funnelbud Flow"},"content":{"rendered":"\t\t<div data-elementor-type=\"wp-post\" data-elementor-id=\"49614\" class=\"elementor elementor-49614\" data-elementor-post-type=\"page\">\n\t\t\t\t\t\t<section class=\"elementor-section elementor-top-section elementor-element elementor-element-2e28b0b3 elementor-section-stretched elementor-section-full_width elementor-section-height-min-height elementor-section-height-default elementor-section-items-middle\" data-id=\"2e28b0b3\" data-element_type=\"section\" data-e-type=\"section\" data-settings=\"{&quot;stretch_section&quot;:&quot;section-stretched&quot;,&quot;background_background&quot;:&quot;gradient&quot;}\">\n\t\t\t\t\t\t<div class=\"elementor-container elementor-column-gap-default\">\n\t\t\t\t\t<div class=\"elementor-column elementor-col-100 elementor-top-column elementor-element elementor-element-5d785e50\" data-id=\"5d785e50\" data-element_type=\"column\" data-e-type=\"column\">\n\t\t\t<div class=\"elementor-widget-wrap elementor-element-populated\">\n\t\t\t\t\t\t<div class=\"elementor-element elementor-element-4fa739a9 elementor-widget elementor-widget-heading\" data-id=\"4fa739a9\" data-element_type=\"widget\" data-e-type=\"widget\" data-widget_type=\"heading.default\">\n\t\t\t\t\t<h1 class=\"elementor-heading-title elementor-size-default\">Testkonto - Funnelbud Flow<\/h1>\t\t\t\t<\/div>\n\t\t\t\t<div class=\"elementor-element elementor-element-33429978 elementor-widget elementor-widget-heading\" data-id=\"33429978\" data-element_type=\"widget\" data-e-type=\"widget\" data-widget_type=\"heading.default\">\n\t\t\t\t\t<div class=\"elementor-heading-title elementor-size-default\">Skaffa ett gratis testkonto p\u00e5 Streamio<\/div>\t\t\t\t<\/div>\n\t\t\t\t\t<\/div>\n\t\t<\/div>\n\t\t\t\t\t<\/div>\n\t\t<\/section>\n\t\t\t\t<section class=\"elementor-section elementor-top-section elementor-element elementor-element-112c677 elementor-section-boxed elementor-section-height-default elementor-section-height-default\" data-id=\"112c677\" data-element_type=\"section\" data-e-type=\"section\">\n\t\t\t\t\t\t<div class=\"elementor-container elementor-column-gap-default\">\n\t\t\t\t\t<div class=\"elementor-column elementor-col-100 elementor-top-column elementor-element elementor-element-9d3ca40\" data-id=\"9d3ca40\" data-element_type=\"column\" data-e-type=\"column\">\n\t\t\t<div class=\"elementor-widget-wrap elementor-element-populated\">\n\t\t\t\t\t\t<div class=\"elementor-element elementor-element-42d1a14 elementor-widget elementor-widget-html\" data-id=\"42d1a14\" data-element_type=\"widget\" data-e-type=\"widget\" data-widget_type=\"html.default\">\n\t\t\t\t\t<iframe\n  src=\"https:\/\/lnk.funnelbud.com\/widget\/form\/iKQQlsu4fTbOHJUN7VOV\"\n  style=\"width:100%;height:100%;border:none;border-radius:10px\"\n  id=\"inline-iKQQlsu4fTbOHJUN7VOV\" \n  data-layout=\"{'id':'INLINE'}\"\n  data-trigger-type=\"alwaysShow\"\n  data-trigger-value=\"\"\n  data-activation-type=\"alwaysActivated\"\n  data-activation-value=\"\"\n  data-deactivation-type=\"neverDeactivate\"\n  data-deactivation-value=\"\"\n  data-form-name=\"Trial account form (sv)\"\n  data-height=\"669\"\n  data-layout-iframe-id=\"inline-iKQQlsu4fTbOHJUN7VOV\"\n  data-form-id=\"iKQQlsu4fTbOHJUN7VOV\"\n  title=\"Trial account form (sv)\"\n      >\n<\/iframe>\n<script src=\"https:\/\/lnk.funnelbud.com\/js\/form_embed.js\"><\/script>\t\t\t\t<\/div>\n\t\t\t\t<div class=\"elementor-element elementor-element-8a05b64 elementor-widget elementor-widget-heading\" data-id=\"8a05b64\" data-element_type=\"widget\" data-e-type=\"widget\" data-widget_type=\"heading.default\">\n\t\t\t\t\t<h2 class=\"elementor-heading-title elementor-size-default\"><a href=\"https:\/\/www.streamio.com\/sv\/online-videoplattform\/\">Varf\u00f6r testa Streamio?<\/a><\/h2>\t\t\t\t<\/div>\n\t\t\t\t<div class=\"elementor-element elementor-element-d81e835 elementor-widget elementor-widget-text-editor\" data-id=\"d81e835\" data-element_type=\"widget\" data-e-type=\"widget\" data-widget_type=\"text-editor.default\">\n\t\t\t\t\t\t\t\t\t<p style=\"margin-right: 0px; margin-bottom: 24px; margin-left: 0px; padding: 0px; line-height: 1.5; text-shadow: none;\" data-store-id=\"8615bce2-bb42-4f68-b7a4-bd9c816cd699\">Vi tillhandah\u00e5ller fria testkonton p\u00e5 Streamio f\u00f6r utv\u00e4rdering, utveckling och test innan k\u00f6p.&nbsp;<\/p>\n<p>Med v\u00e5rt testkonto kan du testa Streamio utan n\u00e5gra \u00e5taganden. Du beh\u00f6ver inte ange n\u00e5gra kreditkortsuppgifter n\u00e4r&nbsp;du skapar ett testkonto. Du har \u00e4nd\u00e5 full tillg\u00e5ng till alla v\u00e5ra funktioner.&nbsp;<\/p>\n<p><span style=\"color: var( --e-global-color-text ); font-family: var( --e-global-typography-text-font-family ), Sans-serif; font-weight: var( --e-global-typography-text-font-weight ); font-size: 1rem;\">Streamio online videoplattform (OVP) fokuserar p\u00e5 inneh\u00e5llet. D\u00e4rf\u00f6r har vi skapat l\u00e4ttanv\u00e4nda funktioner f\u00f6r att du ska f\u00e5 ut dina filmer s\u00e5 enkelt som m\u00f6jligt. N\u00e4r du laddar upp en film skapas olika videostr\u00f6mmar. V\u00e5r spelare v\u00e4ljer den b\u00e4sta videostr\u00f6mmen f\u00f6r att kvaliteten p\u00e5 filmen ska vara den b\u00e4st anpassade, vare sig den visas p\u00e5 dator eller mobil. Skapandet av videostr\u00f6mmar ing\u00e5r kostnadsfritt i kontot. Vi har f\u00f6rinst\u00e4llda kodningsprofiler, men du kan \u00e4ven g\u00f6ra dina egna kodningsprofiler f\u00f6r att anpassa dessa efter dina egna behov.<\/span><\/p>\n<p>Med hj\u00e4lp av taggar kan du l\u00e4tt sortera och koppla filmer till olika spellistor. V\u00e5r arkivspelare kan inneh\u00e5lla flera spellistor och du kan anpassa den f\u00f6r att passa din webbsida.<\/p>\n<p>V\u00e4lj spelare och f\u00e5 kod f\u00f6r att publicera filmen p\u00e5 din webbsida eller klicka p\u00e5 en knapp f\u00f6r att publicera direkt till Facebook, Twitter, LinkedIn och YouTube. Antalet filmvisningar per kanal kan du se under v\u00e5r inbyggda statistik. Det g\u00e5r \u00e4ven bra att l\u00e4nka Google Analytics eller Matomo till spelare som du sj\u00e4lv skapar.<\/p>\t\t\t\t\t\t\t\t<\/div>\n\t\t\t\t<div class=\"elementor-element elementor-element-8b76b95 elementor-widget elementor-widget-heading\" data-id=\"8b76b95\" data-element_type=\"widget\" data-e-type=\"widget\" data-widget_type=\"heading.default\">\n\t\t\t\t\t<h3 class=\"elementor-heading-title elementor-size-default\">Detta f\u00e5r du med ett testkonto<\/h3>\t\t\t\t<\/div>\n\t\t\t\t<section class=\"elementor-section elementor-inner-section elementor-element elementor-element-0c7e417 elementor-section-boxed elementor-section-height-default elementor-section-height-default\" data-id=\"0c7e417\" data-element_type=\"section\" data-e-type=\"section\">\n\t\t\t\t\t\t<div class=\"elementor-container elementor-column-gap-default\">\n\t\t\t\t\t<div class=\"elementor-column elementor-col-50 elementor-inner-column elementor-element elementor-element-9b652e2\" data-id=\"9b652e2\" data-element_type=\"column\" data-e-type=\"column\">\n\t\t\t<div class=\"elementor-widget-wrap elementor-element-populated\">\n\t\t\t\t\t\t<div class=\"elementor-element elementor-element-b8298f2 elementor-widget elementor-widget-text-editor\" data-id=\"b8298f2\" data-element_type=\"widget\" data-e-type=\"widget\" data-widget_type=\"text-editor.default\">\n\t\t\t\t\t\t\t\t\t<ul style=\"font-size: 16px; background-color: #ffffff;\"><li style=\"font-size: 16px;\">5 GB lagring<\/li><li style=\"font-size: 16px;\">25 GB trafik\/m\u00e5n \u2014 vilket motsvarar ca 50 tittar-timmar med 1100 kbps<\/li><li style=\"font-size: 16px;\">Support via chatt, e-post, telefon<\/li><li style=\"font-size: 16px;\">\u00d6ppet eller s\u00e4kert konto (f\u00f6r intran\u00e4t)<\/li><li style=\"font-size: 16px;\">Livestreaming med inspelning<\/li><li style=\"font-size: 16px;\">Bibliotek f\u00f6r filmer, bilder, ljud och undertexter<\/li><li style=\"font-size: 16px;\">Dina filmer uppspelade i\u00a0en spelare med\u00a0Streamio-logo<\/li><\/ul>\t\t\t\t\t\t\t\t<\/div>\n\t\t\t\t\t<\/div>\n\t\t<\/div>\n\t\t\t\t<div class=\"elementor-column elementor-col-50 elementor-inner-column elementor-element elementor-element-d199d88\" data-id=\"d199d88\" data-element_type=\"column\" data-e-type=\"column\">\n\t\t\t<div class=\"elementor-widget-wrap elementor-element-populated\">\n\t\t\t\t\t\t<div class=\"elementor-element elementor-element-6861ee4 elementor-widget elementor-widget-image\" data-id=\"6861ee4\" data-element_type=\"widget\" data-e-type=\"widget\" data-widget_type=\"image.default\">\n\t\t\t\t\t\t\t\t\t\t\t\t\t\t\t<img fetchpriority=\"high\" decoding=\"async\" width=\"309\" height=\"200\" src=\"https:\/\/www.streamio.com\/wp-content\/uploads\/2021\/08\/video-streaming-for-editors-pr-webmasters-1.png\" class=\"attachment-large size-large wp-image-15293\" alt=\"Prova Streamio videoplattform med ett testkonto\" srcset=\"https:\/\/www.streamio.com\/wp-content\/uploads\/2021\/08\/video-streaming-for-editors-pr-webmasters-1.png 309w, https:\/\/www.streamio.com\/wp-content\/uploads\/2021\/08\/video-streaming-for-editors-pr-webmasters-1-300x194.png 300w\" sizes=\"(max-width: 309px) 100vw, 309px\" title=\"\">\t\t\t\t\t\t\t\t\t\t\t\t\t\t\t<\/div>\n\t\t\t\t\t<\/div>\n\t\t<\/div>\n\t\t\t\t\t<\/div>\n\t\t<\/section>\n\t\t\t\t<div class=\"elementor-element elementor-element-d60f0c8 elementor-widget elementor-widget-heading\" data-id=\"d60f0c8\" data-element_type=\"widget\" data-e-type=\"widget\" data-widget_type=\"heading.default\">\n\t\t\t\t\t<h3 class=\"elementor-heading-title elementor-size-default\">Vad h\u00e4nder efter testperioden?<\/h3>\t\t\t\t<\/div>\n\t\t\t\t<div class=\"elementor-element elementor-element-c1ea731 elementor-widget elementor-widget-text-editor\" data-id=\"c1ea731\" data-element_type=\"widget\" data-e-type=\"widget\" data-widget_type=\"text-editor.default\">\n\t\t\t\t\t\t\t\t\t<p>Om du inte vill ha kvar ditt testkonto efter 30 dagar beh\u00f6ver du inte g\u00f6ra n\u00e5got. Ingen debitering av n\u00e5got slag sker. Ditt testkonto kommer att raderas efter ett tag.<\/p>\n<p>Vill du&nbsp;forts\u00e4tta anv\u00e4nda testkontot som det \u00e4r beh\u00f6ver du logga in och f\u00f6rnya det varje m\u00e5nad. Vi kommer att skicka ut en p\u00e5minnelse s\u00e5 att du inte missar att f\u00f6rnya ditt konto.<\/p>\n<p>Om du beh\u00f6ver mer lagring eller trafik kan du enkelt uppgradera till n\u00e5got av v\u00e5ra andra paket. Se&nbsp;<a href=\"https:\/\/www.streamio.com\/sv\/streaming-paket\/\">Paket &amp; Priser<\/a>&nbsp;f\u00f6r att se vilket paket som passar dina behov b\u00e4st.<\/p>\n<p><\/p>\n<p><i>Ett testkonto fungerar precis som ett riktigt konto, men begr\u00e4nsas till 5 GB lagring och 25 GB trafik. Videospelaren som anv\u00e4nds i testkontot inneh\u00e5ller v\u00e5r logotyp och kontot m\u00e5ste f\u00f6rnyas m\u00e5natligen f\u00f6r att inte raderas. E<\/i><i style=\"color: var( --e-global-color-text ); font-family: var( --e-global-typography-text-font-family ), Sans-serif; font-weight: var( --e-global-typography-text-font-weight ); font-size: 1rem;\">tt raderat konto kan ej \u00e5terskapas.<\/i><\/p>\t\t\t\t\t\t\t\t<\/div>\n\t\t\t\t<div class=\"elementor-element elementor-element-46bffd8 elementor-widget elementor-widget-heading\" data-id=\"46bffd8\" data-element_type=\"widget\" data-e-type=\"widget\" data-widget_type=\"heading.default\">\n\t\t\t\t\t<h3 class=\"elementor-heading-title elementor-size-default\">Endast f\u00f6retagstj\u00e4nst - ej f\u00f6r privatpersoner<\/h3>\t\t\t\t<\/div>\n\t\t\t\t<div class=\"elementor-element elementor-element-dfc607d elementor-widget elementor-widget-text-editor\" data-id=\"dfc607d\" data-element_type=\"widget\" data-e-type=\"widget\" data-widget_type=\"text-editor.default\">\n\t\t\t\t\t\t\t\t\t<p>Vi godk\u00e4nner inga Streamio-konton f\u00f6r privatpersoner eftersom Streamio \u00e4r en f\u00f6retagstj\u00e4nst. <a href=\"https:\/\/www.streamio.com\/sv\/kontakta-oss\/\">H\u00f6r g\u00e4rna av er till oss<\/a> om ni \u00e4r ett f\u00f6retag eller en organisation s\u00e5 hj\u00e4lper vi er med er videohantering och livestreaming.<\/p>\t\t\t\t\t\t\t\t<\/div>\n\t\t\t\t\t<\/div>\n\t\t<\/div>\n\t\t\t\t\t<\/div>\n\t\t<\/section>\n\t\t\t\t<\/div>\n\t\t","protected":false},"excerpt":{"rendered":"<p>Testkonto &#8211; Funnelbud Flow Skaffa ett gratis testkonto p\u00e5 Streamio Varf\u00f6r testa Streamio? Vi tillhandah\u00e5ller fria testkonton p\u00e5 Streamio f\u00f6r utv\u00e4rdering, utveckling och test innan k\u00f6p.&nbsp; Med v\u00e5rt testkonto kan du testa Streamio utan n\u00e5gra \u00e5taganden. Du beh\u00f6ver inte ange n\u00e5gra kreditkortsuppgifter n\u00e4r&nbsp;du skapar ett testkonto. Du har \u00e4nd\u00e5 full tillg\u00e5ng till alla v\u00e5ra funktioner.&nbsp; [&hellip;]<\/p>\n","protected":false},"author":10,"featured_media":0,"parent":0,"menu_order":20,"comment_status":"closed","ping_status":"closed","template":"","meta":{"_acf_changed":false,"footnotes":""},"class_list":["post-49614","page","type-page","status-publish","hentry"],"acf":[],"_links":{"self":[{"href":"https:\/\/www.streamio.com\/sv\/wp-json\/wp\/v2\/pages\/49614","targetHints":{"allow":["GET"]}}],"collection":[{"href":"https:\/\/www.streamio.com\/sv\/wp-json\/wp\/v2\/pages"}],"about":[{"href":"https:\/\/www.streamio.com\/sv\/wp-json\/wp\/v2\/types\/page"}],"author":[{"embeddable":true,"href":"https:\/\/www.streamio.com\/sv\/wp-json\/wp\/v2\/users\/10"}],"replies":[{"embeddable":true,"href":"https:\/\/www.streamio.com\/sv\/wp-json\/wp\/v2\/comments?post=49614"}],"version-history":[{"count":0,"href":"https:\/\/www.streamio.com\/sv\/wp-json\/wp\/v2\/pages\/49614\/revisions"}],"wp:attachment":[{"href":"https:\/\/www.streamio.com\/sv\/wp-json\/wp\/v2\/media?parent=49614"}],"curies":[{"name":"wp","href":"https:\/\/api.w.org\/{rel}","templated":true}]}}