{"id":47345,"date":"2023-03-07T14:18:39","date_gmt":"2023-03-07T13:18:39","guid":{"rendered":"https:\/\/www.streamio.com\/?page_id=47345"},"modified":"2023-04-19T08:57:09","modified_gmt":"2023-04-19T06:57:09","slug":"matomo-plugin-och-hosting","status":"publish","type":"page","link":"https:\/\/www.streamio.com\/sv\/matomo-plugin-och-hosting\/","title":{"rendered":"Matomo plugin och hosting"},"content":{"rendered":"\t\t<div data-elementor-type=\"wp-page\" data-elementor-id=\"47345\" class=\"elementor elementor-47345\" data-elementor-post-type=\"page\">\n\t\t\t\t\t\t<section class=\"elementor-section elementor-top-section elementor-element elementor-element-13f5bd6 elementor-section-boxed elementor-section-height-default elementor-section-height-default\" data-id=\"13f5bd6\" data-element_type=\"section\" data-e-type=\"section\">\n\t\t\t\t\t\t<div class=\"elementor-container elementor-column-gap-default\">\n\t\t\t\t\t<div class=\"elementor-column elementor-col-100 elementor-top-column elementor-element elementor-element-1952242\" data-id=\"1952242\" data-element_type=\"column\" data-e-type=\"column\">\n\t\t\t<div class=\"elementor-widget-wrap\">\n\t\t\t\t\t\t\t<\/div>\n\t\t<\/div>\n\t\t\t\t\t<\/div>\n\t\t<\/section>\n\t\t\t\t<section class=\"elementor-section elementor-top-section elementor-element elementor-element-668940d elementor-section-boxed elementor-section-height-default elementor-section-height-default\" data-id=\"668940d\" data-element_type=\"section\" data-e-type=\"section\" data-settings=\"{&quot;background_background&quot;:&quot;gradient&quot;}\">\n\t\t\t\t\t\t<div class=\"elementor-container elementor-column-gap-default\">\n\t\t\t\t\t<div class=\"elementor-column elementor-col-100 elementor-top-column elementor-element elementor-element-218eeda\" data-id=\"218eeda\" data-element_type=\"column\" data-e-type=\"column\">\n\t\t\t<div class=\"elementor-widget-wrap elementor-element-populated\">\n\t\t\t\t\t\t<div class=\"elementor-element elementor-element-0feef89 elementor-widget elementor-widget-heading\" data-id=\"0feef89\" data-element_type=\"widget\" data-e-type=\"widget\" data-widget_type=\"heading.default\">\n\t\t\t\t\t<h1 class=\"elementor-heading-title elementor-size-default\">Matomo Plugin &amp; Matomo Hosting <\/h1>\t\t\t\t<\/div>\n\t\t\t\t<div class=\"elementor-element elementor-element-1390827 elementor-widget elementor-widget-text-editor\" data-id=\"1390827\" data-element_type=\"widget\" data-e-type=\"widget\" data-widget_type=\"text-editor.default\">\n\t\t\t\t\t\t\t\t\t<p>Med Streamios Matomoplugin levereras videostatistik fr\u00e5n Streamio tillsammans med statistik fr\u00e5n webbplatser.\u00a0<\/p><p>Matomo kan best\u00e4llas direkt fr\u00e5n Streamio &#8211; d\u00e4r all data lagras inom EU.<\/p>\t\t\t\t\t\t\t\t<\/div>\n\t\t\t\t\t<\/div>\n\t\t<\/div>\n\t\t\t\t\t<\/div>\n\t\t<\/section>\n\t\t\t\t<section class=\"elementor-section elementor-top-section elementor-element elementor-element-93a2de8 elementor-section-boxed elementor-section-height-default elementor-section-height-default\" data-id=\"93a2de8\" data-element_type=\"section\" data-e-type=\"section\">\n\t\t\t\t\t\t<div class=\"elementor-container elementor-column-gap-default\">\n\t\t\t\t\t<div class=\"elementor-column elementor-col-100 elementor-top-column elementor-element elementor-element-52d220f\" data-id=\"52d220f\" data-element_type=\"column\" data-e-type=\"column\">\n\t\t\t<div class=\"elementor-widget-wrap elementor-element-populated\">\n\t\t\t\t\t\t<div class=\"elementor-element elementor-element-38664dc elementor-widget elementor-widget-heading\" data-id=\"38664dc\" data-element_type=\"widget\" data-e-type=\"widget\" data-widget_type=\"heading.default\">\n\t\t\t\t\t<h2 class=\"elementor-heading-title elementor-size-default\">Matomo Plugin f\u00f6r videostatistik<\/h2>\t\t\t\t<\/div>\n\t\t\t\t\t<\/div>\n\t\t<\/div>\n\t\t\t\t\t<\/div>\n\t\t<\/section>\n\t\t\t\t<section class=\"elementor-section elementor-top-section elementor-element elementor-element-72ddd1c elementor-section-boxed elementor-section-height-default elementor-section-height-default\" data-id=\"72ddd1c\" data-element_type=\"section\" data-e-type=\"section\">\n\t\t\t\t\t\t<div class=\"elementor-container elementor-column-gap-default\">\n\t\t\t\t\t<div class=\"elementor-column elementor-col-33 elementor-top-column elementor-element elementor-element-525795b\" data-id=\"525795b\" data-element_type=\"column\" data-e-type=\"column\">\n\t\t\t<div class=\"elementor-widget-wrap elementor-element-populated\">\n\t\t\t\t\t\t<div class=\"elementor-element elementor-element-9a10321 elementor-view-default elementor-position-block-start elementor-mobile-position-block-start elementor-widget elementor-widget-icon-box\" data-id=\"9a10321\" data-element_type=\"widget\" data-e-type=\"widget\" data-widget_type=\"icon-box.default\">\n\t\t\t\t\t\t\t<div class=\"elementor-icon-box-wrapper\">\n\n\t\t\t\t\t\t<div class=\"elementor-icon-box-icon\">\n\t\t\t\t<span  class=\"elementor-icon\">\n\t\t\t\t<svg aria-hidden=\"true\" class=\"e-font-icon-svg e-fas-chart-pie\" viewBox=\"0 0 544 512\" xmlns=\"http:\/\/www.w3.org\/2000\/svg\"><path d=\"M527.79 288H290.5l158.03 158.03c6.04 6.04 15.98 6.53 22.19.68 38.7-36.46 65.32-85.61 73.13-140.86 1.34-9.46-6.51-17.85-16.06-17.85zm-15.83-64.8C503.72 103.74 408.26 8.28 288.8.04 279.68-.59 272 7.1 272 16.24V240h223.77c9.14 0 16.82-7.68 16.19-16.8zM224 288V50.71c0-9.55-8.39-17.4-17.84-16.06C86.99 51.49-4.1 155.6.14 280.37 4.5 408.51 114.83 513.59 243.03 511.98c50.4-.63 96.97-16.87 135.26-44.03 7.9-5.6 8.42-17.23 1.57-24.08L224 288z\"><\/path><\/svg>\t\t\t\t<\/span>\n\t\t\t<\/div>\n\t\t\t\n\t\t\t\t\t\t<div class=\"elementor-icon-box-content\">\n\n\t\t\t\t\t\t\t\t\t<h3 class=\"elementor-icon-box-title\">\n\t\t\t\t\t\t<span  >\n\t\t\t\t\t\t\tVideostatistik\t\t\t\t\t\t<\/span>\n\t\t\t\t\t<\/h3>\n\t\t\t\t\n\t\t\t\t\t\t\t\t\t<p class=\"elementor-icon-box-description\">\n\t\t\t\t\t\tMed Streamios Matomo Plugin, som ing\u00e5r i alla v\u00e5ra Streamiopaket, kan vi leverera data fr\u00e5n videospelningar (eller livespelare) rakt in i Matomos videostatistik.\t\t\t\t\t<\/p>\n\t\t\t\t\n\t\t\t<\/div>\n\t\t\t\n\t\t<\/div>\n\t\t\t\t\t\t<\/div>\n\t\t\t\t\t<\/div>\n\t\t<\/div>\n\t\t\t\t<div class=\"elementor-column elementor-col-33 elementor-top-column elementor-element elementor-element-9eeaa1d\" data-id=\"9eeaa1d\" data-element_type=\"column\" data-e-type=\"column\">\n\t\t\t<div class=\"elementor-widget-wrap elementor-element-populated\">\n\t\t\t\t\t\t<div class=\"elementor-element elementor-element-5e17501 elementor-view-default elementor-position-block-start elementor-mobile-position-block-start elementor-widget elementor-widget-icon-box\" data-id=\"5e17501\" data-element_type=\"widget\" data-e-type=\"widget\" data-widget_type=\"icon-box.default\">\n\t\t\t\t\t\t\t<div class=\"elementor-icon-box-wrapper\">\n\n\t\t\t\t\t\t<div class=\"elementor-icon-box-icon\">\n\t\t\t\t<span  class=\"elementor-icon\">\n\t\t\t\t<svg aria-hidden=\"true\" class=\"e-font-icon-svg e-fas-puzzle-piece\" viewBox=\"0 0 576 512\" xmlns=\"http:\/\/www.w3.org\/2000\/svg\"><path d=\"M519.442 288.651c-41.519 0-59.5 31.593-82.058 31.593C377.409 320.244 432 144 432 144s-196.288 80-196.288-3.297c0-35.827 36.288-46.25 36.288-85.985C272 19.216 243.885 0 210.539 0c-34.654 0-66.366 18.891-66.366 56.346 0 41.364 31.711 59.277 31.711 81.75C175.885 207.719 0 166.758 0 166.758v333.237s178.635 41.047 178.635-28.662c0-22.473-40-40.107-40-81.471 0-37.456 29.25-56.346 63.577-56.346 33.673 0 61.788 19.216 61.788 54.717 0 39.735-36.288 50.158-36.288 85.985 0 60.803 129.675 25.73 181.23 25.73 0 0-34.725-120.101 25.827-120.101 35.962 0 46.423 36.152 86.308 36.152C556.712 416 576 387.99 576 354.443c0-34.199-18.962-65.792-56.558-65.792z\"><\/path><\/svg>\t\t\t\t<\/span>\n\t\t\t<\/div>\n\t\t\t\n\t\t\t\t\t\t<div class=\"elementor-icon-box-content\">\n\n\t\t\t\t\t\t\t\t\t<h3 class=\"elementor-icon-box-title\">\n\t\t\t\t\t\t<span  >\n\t\t\t\t\t\t\tFlera Matomo?\t\t\t\t\t\t<\/span>\n\t\t\t\t\t<\/h3>\n\t\t\t\t\n\t\t\t\t\t\t\t\t\t<p class=\"elementor-icon-box-description\">\n\t\t\t\t\t\tMed flera Matomo (exempelvis intran\u00e4t, webbsida, kundsidor) kan Streamio leverera data till olika Matomo beroende p\u00e5 var videon\/streamen \u00e4r publicerad.\t\t\t\t\t<\/p>\n\t\t\t\t\n\t\t\t<\/div>\n\t\t\t\n\t\t<\/div>\n\t\t\t\t\t\t<\/div>\n\t\t\t\t\t<\/div>\n\t\t<\/div>\n\t\t\t\t<div class=\"elementor-column elementor-col-33 elementor-top-column elementor-element elementor-element-cc8c2c1\" data-id=\"cc8c2c1\" data-element_type=\"column\" data-e-type=\"column\">\n\t\t\t<div class=\"elementor-widget-wrap elementor-element-populated\">\n\t\t\t\t\t\t<div class=\"elementor-element elementor-element-9058726 elementor-view-default elementor-position-block-start elementor-mobile-position-block-start elementor-widget elementor-widget-icon-box\" data-id=\"9058726\" data-element_type=\"widget\" data-e-type=\"widget\" data-widget_type=\"icon-box.default\">\n\t\t\t\t\t\t\t<div class=\"elementor-icon-box-wrapper\">\n\n\t\t\t\t\t\t<div class=\"elementor-icon-box-icon\">\n\t\t\t\t<span  class=\"elementor-icon\">\n\t\t\t\t<svg aria-hidden=\"true\" class=\"e-font-icon-svg e-fas-chart-line\" viewBox=\"0 0 512 512\" xmlns=\"http:\/\/www.w3.org\/2000\/svg\"><path d=\"M496 384H64V80c0-8.84-7.16-16-16-16H16C7.16 64 0 71.16 0 80v336c0 17.67 14.33 32 32 32h464c8.84 0 16-7.16 16-16v-32c0-8.84-7.16-16-16-16zM464 96H345.94c-21.38 0-32.09 25.85-16.97 40.97l32.4 32.4L288 242.75l-73.37-73.37c-12.5-12.5-32.76-12.5-45.25 0l-68.69 68.69c-6.25 6.25-6.25 16.38 0 22.63l22.62 22.62c6.25 6.25 16.38 6.25 22.63 0L192 237.25l73.37 73.37c12.5 12.5 32.76 12.5 45.25 0l96-96 32.4 32.4c15.12 15.12 40.97 4.41 40.97-16.97V112c.01-8.84-7.15-16-15.99-16z\"><\/path><\/svg>\t\t\t\t<\/span>\n\t\t\t<\/div>\n\t\t\t\n\t\t\t\t\t\t<div class=\"elementor-icon-box-content\">\n\n\t\t\t\t\t\t\t\t\t<h3 class=\"elementor-icon-box-title\">\n\t\t\t\t\t\t<span  >\n\t\t\t\t\t\t\tMedia Analytics\t\t\t\t\t\t<\/span>\n\t\t\t\t\t<\/h3>\n\t\t\t\t\n\t\t\t\t\t\t\t\t\t<p class=\"elementor-icon-box-description\">\n\t\t\t\t\t\tF\u00f6r videostatistik rekommenderas Matomos plugin Media Analytics (ing\u00e5r i v\u00e5ra Matomopaket) - f\u00f6r b\u00e4sta insikt i hur video anv\u00e4nds av bes\u00f6karna tillsammans med all annan statistik.\t\t\t\t\t<\/p>\n\t\t\t\t\n\t\t\t<\/div>\n\t\t\t\n\t\t<\/div>\n\t\t\t\t\t\t<\/div>\n\t\t\t\t\t<\/div>\n\t\t<\/div>\n\t\t\t\t\t<\/div>\n\t\t<\/section>\n\t\t\t\t<section class=\"elementor-section elementor-top-section elementor-element elementor-element-10a0d01 elementor-section-boxed elementor-section-height-default elementor-section-height-default\" data-id=\"10a0d01\" data-element_type=\"section\" data-e-type=\"section\" data-settings=\"{&quot;background_background&quot;:&quot;gradient&quot;}\">\n\t\t\t\t\t\t\t<div class=\"elementor-background-overlay\"><\/div>\n\t\t\t\t\t\t\t<div class=\"elementor-container elementor-column-gap-default\">\n\t\t\t\t\t<div class=\"elementor-column elementor-col-100 elementor-top-column elementor-element elementor-element-fd17c49\" data-id=\"fd17c49\" data-element_type=\"column\" data-e-type=\"column\">\n\t\t\t<div class=\"elementor-widget-wrap elementor-element-populated\">\n\t\t\t\t\t\t<div class=\"elementor-element elementor-element-7873e10 elementor-widget elementor-widget-heading\" data-id=\"7873e10\" data-element_type=\"widget\" data-e-type=\"widget\" data-widget_type=\"heading.default\">\n\t\t\t\t\t<h2 class=\"elementor-heading-title elementor-size-default\">Best\u00e4ll Matomo till Streamio<\/h2>\t\t\t\t<\/div>\n\t\t\t\t<div class=\"elementor-element elementor-element-52daf40 elementor-widget elementor-widget-text-editor\" data-id=\"52daf40\" data-element_type=\"widget\" data-e-type=\"widget\" data-widget_type=\"text-editor.default\">\n\t\t\t\t\t\t\t\t\t<p>Streamio har l\u00e4nge haft st\u00f6d f\u00f6r att leverera trafik till Matomo, men nu tar vi n\u00e4sta kliv och erbjuder det som en tj\u00e4nst med drift i Sverige p\u00e5 svenska servrar, av Rackfish AB som ocks\u00e5 \u00e4ger och driver Streamio. Ett enkelt s\u00e4tt att kombinera statistik fr\u00e5n videor och webbsidorna de ligger p\u00e5 i ett gr\u00e4nssnitt.<\/p>\t\t\t\t\t\t\t\t<\/div>\n\t\t\t\t\t<\/div>\n\t\t<\/div>\n\t\t\t\t\t<\/div>\n\t\t<\/section>\n\t\t\t\t<section class=\"elementor-section elementor-top-section elementor-element elementor-element-6078bd0 elementor-section-boxed elementor-section-height-default elementor-section-height-default\" data-id=\"6078bd0\" data-element_type=\"section\" data-e-type=\"section\">\n\t\t\t\t\t\t<div class=\"elementor-container elementor-column-gap-default\">\n\t\t\t\t\t<div class=\"elementor-column elementor-col-33 elementor-top-column elementor-element elementor-element-d5a9524\" data-id=\"d5a9524\" data-element_type=\"column\" data-e-type=\"column\">\n\t\t\t<div class=\"elementor-widget-wrap elementor-element-populated\">\n\t\t\t\t\t\t<div class=\"elementor-element elementor-element-bc5922a elementor-cta--skin-classic elementor-animated-content elementor-bg-transform elementor-bg-transform-zoom-in elementor-widget elementor-widget-call-to-action\" data-id=\"bc5922a\" data-element_type=\"widget\" data-e-type=\"widget\" data-widget_type=\"call-to-action.default\">\n\t\t\t\t\t\t\t<div class=\"elementor-cta\">\n\t\t\t\t\t<div class=\"elementor-cta__bg-wrapper\">\n\t\t\t\t<div class=\"elementor-cta__bg elementor-bg\" style=\"background-image: url(https:\/\/www.streamio.com\/wp-content\/uploads\/2022\/08\/upphandla-1024x576.jpg);\" role=\"img\" aria-label=\"upphandling kommunfullm\u00e4ktige\"><\/div>\n\t\t\t\t<div class=\"elementor-cta__bg-overlay\"><\/div>\n\t\t\t<\/div>\n\t\t\t\t\t\t\t<div class=\"elementor-cta__content\">\n\t\t\t\t\n\t\t\t\t\t\t\t\t\t<h2 class=\"elementor-cta__title elementor-cta__content-item elementor-content-item\">\n\t\t\t\t\t\tPrisv\u00e4rda Matomopaket\t\t\t\t\t<\/h2>\n\t\t\t\t\n\t\t\t\t\t\t\t\t\t<div class=\"elementor-cta__description elementor-cta__content-item elementor-content-item\">\n\t\t\t\t\t\tAtt erbjuda h\u00f6gsta kvalitet till riktigt bra priser \u00e4r lite av v\u00e5rt signum. S\u00e5 ocks\u00e5 med v\u00e5ra Matomopaket som b\u00f6rjar s\u00e5 l\u00e5gt som 1990 kronor per \u00e5r. Med Matomo och Streamio f\u00e5r man koll p\u00e5 exakt hur bes\u00f6ken konverterar.\t\t\t\t\t<\/div>\n\t\t\t\t\n\t\t\t\t\t\t\t\t\t<div class=\"elementor-cta__button-wrapper elementor-cta__content-item elementor-content-item \">\n\t\t\t\t\t<a class=\"elementor-cta__button elementor-button elementor-size-\" href=\"https:\/\/www.rackfish.com\/matomo-hosting-sverige-webbstatistik-for-gdpr\/\" rel=\"noopener\">\n\t\t\t\t\t\tL\u00e4s mer hos Rackfish\t\t\t\t\t<\/a>\n\t\t\t\t\t<\/div>\n\t\t\t\t\t\t\t<\/div>\n\t\t\t\t\t\t<\/div>\n\t\t\t\t\t\t<\/div>\n\t\t\t\t\t<\/div>\n\t\t<\/div>\n\t\t\t\t<div class=\"elementor-column elementor-col-33 elementor-top-column elementor-element elementor-element-76c7a78\" data-id=\"76c7a78\" data-element_type=\"column\" data-e-type=\"column\">\n\t\t\t<div class=\"elementor-widget-wrap elementor-element-populated\">\n\t\t\t\t\t\t<div class=\"elementor-element elementor-element-7c3f00d elementor-cta--skin-classic elementor-animated-content elementor-bg-transform elementor-bg-transform-zoom-in elementor-widget elementor-widget-call-to-action\" data-id=\"7c3f00d\" data-element_type=\"widget\" data-e-type=\"widget\" data-widget_type=\"call-to-action.default\">\n\t\t\t\t\t\t\t<div class=\"elementor-cta\">\n\t\t\t\t\t<div class=\"elementor-cta__bg-wrapper\">\n\t\t\t\t<div class=\"elementor-cta__bg elementor-bg\" style=\"background-image: url(https:\/\/www.streamio.com\/wp-content\/uploads\/2023\/04\/Screenshot-2023-04-17-at-16.56.01.png);\" role=\"img\" aria-label=\"Matomo media analytics videostatistik\"><\/div>\n\t\t\t\t<div class=\"elementor-cta__bg-overlay\"><\/div>\n\t\t\t<\/div>\n\t\t\t\t\t\t\t<div class=\"elementor-cta__content\">\n\t\t\t\t\n\t\t\t\t\t\t\t\t\t<h2 class=\"elementor-cta__title elementor-cta__content-item elementor-content-item\">\n\t\t\t\t\t\tMediaplugin installerad\t\t\t\t\t<\/h2>\n\t\t\t\t\n\t\t\t\t\t\t\t\t\t<div class=\"elementor-cta__description elementor-cta__content-item elementor-content-item\">\n\t\t\t\t\t\tF\u00f6r att f\u00e5 fullst\u00e4ndigt koll p\u00e5 videostatistik \u00e4r ett externt analysverktyg som ocks\u00e5 m\u00e4ter webbplatsen en n\u00f6dv\u00e4ndighet. Med Mediaplugin s\u00e5 kan man f\u00f6lja exakt hur bes\u00f6kare anv\u00e4nder webbplatsen och dess videor.\t\t\t\t\t<\/div>\n\t\t\t\t\n\t\t\t\t\t\t\t\t\t<div class=\"elementor-cta__button-wrapper elementor-cta__content-item elementor-content-item \">\n\t\t\t\t\t<a class=\"elementor-cta__button elementor-button elementor-size-\" href=\"https:\/\/plugins.matomo.org\/MediaAnalytics\" rel=\"noopener\">\n\t\t\t\t\t\tL\u00e4s mer hos Matomo\t\t\t\t\t<\/a>\n\t\t\t\t\t<\/div>\n\t\t\t\t\t\t\t<\/div>\n\t\t\t\t\t\t<\/div>\n\t\t\t\t\t\t<\/div>\n\t\t\t\t\t<\/div>\n\t\t<\/div>\n\t\t\t\t<div class=\"elementor-column elementor-col-33 elementor-top-column elementor-element elementor-element-29b359f\" data-id=\"29b359f\" data-element_type=\"column\" data-e-type=\"column\">\n\t\t\t<div class=\"elementor-widget-wrap elementor-element-populated\">\n\t\t\t\t\t\t<div class=\"elementor-element elementor-element-8dff687 elementor-cta--skin-classic elementor-animated-content elementor-bg-transform elementor-bg-transform-zoom-in elementor-widget elementor-widget-call-to-action\" data-id=\"8dff687\" data-element_type=\"widget\" data-e-type=\"widget\" data-widget_type=\"call-to-action.default\">\n\t\t\t\t\t\t\t<div class=\"elementor-cta\">\n\t\t\t\t\t<div class=\"elementor-cta__bg-wrapper\">\n\t\t\t\t<div class=\"elementor-cta__bg elementor-bg\" style=\"background-image: url(https:\/\/www.streamio.com\/wp-content\/uploads\/2021\/06\/general-data-protection-regulation.jpeg);\" role=\"img\" aria-label=\"GDPR s\u00e4ker streaming och video\"><\/div>\n\t\t\t\t<div class=\"elementor-cta__bg-overlay\"><\/div>\n\t\t\t<\/div>\n\t\t\t\t\t\t\t<div class=\"elementor-cta__content\">\n\t\t\t\t\n\t\t\t\t\t\t\t\t\t<h2 class=\"elementor-cta__title elementor-cta__content-item elementor-content-item\">\n\t\t\t\t\t\tSvensk Matomodrift\t\t\t\t\t<\/h2>\n\t\t\t\t\n\t\t\t\t\t\t\t\t\t<div class=\"elementor-cta__description elementor-cta__content-item elementor-content-item\">\n\t\t\t\t\t\tRackfish erbjuder drift av Matomo som en tj\u00e4nst. Matomo driftas i samma datacenter som Streamio och \u00e4r d\u00e4rmed driftad p\u00e5 servrar i Sverige, \u00e4gda av ett svenskt f\u00f6retag. Tj\u00e4nsten \u00e4r v\u00e4l anpassad till GDPR.\t\t\t\t\t<\/div>\n\t\t\t\t\n\t\t\t\t\t\t\t\t\t<div class=\"elementor-cta__button-wrapper elementor-cta__content-item elementor-content-item \">\n\t\t\t\t\t<a class=\"elementor-cta__button elementor-button elementor-size-\" href=\"https:\/\/my.rackfish.com\/cart\/matomo-paket\/\" rel=\"noopener\">\n\t\t\t\t\t\tSe paket\t\t\t\t\t<\/a>\n\t\t\t\t\t<\/div>\n\t\t\t\t\t\t\t<\/div>\n\t\t\t\t\t\t<\/div>\n\t\t\t\t\t\t<\/div>\n\t\t\t\t\t<\/div>\n\t\t<\/div>\n\t\t\t\t\t<\/div>\n\t\t<\/section>\n\t\t\t\t<section class=\"elementor-section elementor-top-section elementor-element elementor-element-62994db elementor-section-boxed elementor-section-height-default elementor-section-height-default\" data-id=\"62994db\" data-element_type=\"section\" data-e-type=\"section\">\n\t\t\t\t\t\t<div class=\"elementor-container elementor-column-gap-default\">\n\t\t\t\t\t<div class=\"elementor-column elementor-col-100 elementor-top-column elementor-element elementor-element-b50756a\" data-id=\"b50756a\" data-element_type=\"column\" data-e-type=\"column\">\n\t\t\t<div class=\"elementor-widget-wrap elementor-element-populated\">\n\t\t\t\t\t\t<div class=\"elementor-element elementor-element-a1d0d0b elementor-widget elementor-widget-menu-anchor\" data-id=\"a1d0d0b\" data-element_type=\"widget\" data-e-type=\"widget\" data-widget_type=\"menu-anchor.default\">\n\t\t\t\t\t\t\t<div class=\"elementor-menu-anchor\" id=\"matomo-media-analytics-plugin\"><\/div>\n\t\t\t\t\t\t<\/div>\n\t\t\t\t<div class=\"elementor-element elementor-element-c5a17bc elementor-widget elementor-widget-heading\" data-id=\"c5a17bc\" data-element_type=\"widget\" data-e-type=\"widget\" data-widget_type=\"heading.default\">\n\t\t\t\t\t<h2 class=\"elementor-heading-title elementor-size-default\">Matomo Media Analytics Plugin<\/h2>\t\t\t\t<\/div>\n\t\t\t\t<div class=\"elementor-element elementor-element-8d0f39e elementor-widget elementor-widget-text-editor\" data-id=\"8d0f39e\" data-element_type=\"widget\" data-e-type=\"widget\" data-widget_type=\"text-editor.default\">\n\t\t\t\t\t\t\t\t\t<p>Om man v\u00e4ljer egen drift av Matomo s\u00e5 \u00e4r Media Analytics-plugin den viktigaste f\u00f6r att kunna analysera video och ljud i Streamio. Den kan k\u00f6pas separat eller som en del av ett paket och installeras p\u00e5 alla Matomo-installationer. Matomo Media Analytics kan <a href=\"https:\/\/plugins.matomo.org\/MediaAnalytics\" rel=\"noopener\">best\u00e4llas direkt fr\u00e5n Matomo<\/a>.<\/p>\t\t\t\t\t\t\t\t<\/div>\n\t\t\t\t<div class=\"elementor-element elementor-element-7c5e3a6 elementor-arrows-position-inside elementor-pagination-position-outside elementor-widget elementor-widget-image-carousel\" data-id=\"7c5e3a6\" data-element_type=\"widget\" data-e-type=\"widget\" data-settings=\"{&quot;slides_to_show&quot;:&quot;1&quot;,&quot;navigation&quot;:&quot;both&quot;,&quot;autoplay&quot;:&quot;yes&quot;,&quot;pause_on_hover&quot;:&quot;yes&quot;,&quot;pause_on_interaction&quot;:&quot;yes&quot;,&quot;autoplay_speed&quot;:5000,&quot;infinite&quot;:&quot;yes&quot;,&quot;effect&quot;:&quot;slide&quot;,&quot;speed&quot;:500}\" data-widget_type=\"image-carousel.default\">\n\t\t\t\t\t\t\t<div class=\"elementor-image-carousel-wrapper swiper\" role=\"region\" aria-roledescription=\"carousel\" aria-label=\"Bildkarusell\" dir=\"ltr\">\n\t\t\t<div class=\"elementor-image-carousel swiper-wrapper swiper-image-stretch\" aria-live=\"off\">\n\t\t\t\t\t\t\t\t<div class=\"swiper-slide\" role=\"group\" aria-roledescription=\"slide\" aria-label=\"1 av 4\"><figure class=\"swiper-slide-inner\"><img decoding=\"async\" class=\"swiper-slide-image\" src=\"https:\/\/www.streamio.com\/wp-content\/uploads\/2023\/04\/Screenshot-2023-04-17-at-17.20.05-1024x537.png\" alt=\"Realtidskarta \u00f6ver videovisningar\" title=\"\"><figcaption class=\"elementor-image-carousel-caption\">Realtidskarta \u00f6ver videovisningar<\/figcaption><\/figure><\/div><div class=\"swiper-slide\" role=\"group\" aria-roledescription=\"slide\" aria-label=\"2 av 4\"><figure class=\"swiper-slide-inner\"><img decoding=\"async\" class=\"swiper-slide-image\" src=\"https:\/\/www.streamio.com\/wp-content\/uploads\/2023\/03\/streamio.com-February-2023-Web-Analytics-Reports-Matomo-2023-03-07-at-1.43.15-PM-1024x511.jpg\" alt=\"Matomo Video Statistik\" title=\"\"><figcaption class=\"elementor-image-carousel-caption\">Komplett \u00f6versikt p\u00e5 webbplatsen videoutnyttjande<\/figcaption><\/figure><\/div><div class=\"swiper-slide\" role=\"group\" aria-roledescription=\"slide\" aria-label=\"3 av 4\"><figure class=\"swiper-slide-inner\"><img decoding=\"async\" class=\"swiper-slide-image\" src=\"https:\/\/www.streamio.com\/wp-content\/uploads\/2023\/04\/matomo-hosting-visitor-map-1.jpg\" alt=\"Karta \u00f6ver videospelningar\" title=\"\"><figcaption class=\"elementor-image-carousel-caption\">Karta \u00f6ver videospelningar<\/figcaption><\/figure><\/div><div class=\"swiper-slide\" role=\"group\" aria-roledescription=\"slide\" aria-label=\"4 av 4\"><figure class=\"swiper-slide-inner\"><img decoding=\"async\" class=\"swiper-slide-image\" src=\"https:\/\/www.streamio.com\/wp-content\/uploads\/2023\/03\/Screenshot-2023-03-07-at-13.58.54.png\" alt=\"F\u00f6lj exakt hur bes\u00f6karna interagerar med video\" title=\"\"><figcaption class=\"elementor-image-carousel-caption\">F\u00f6lj exakt hur bes\u00f6karna interagerar med video<\/figcaption><\/figure><\/div>\t\t\t<\/div>\n\t\t\t\t\t\t\t\t\t\t\t\t<div class=\"elementor-swiper-button elementor-swiper-button-prev\" role=\"button\" tabindex=\"0\">\n\t\t\t\t\t\t<svg aria-hidden=\"true\" class=\"e-font-icon-svg e-eicon-chevron-left\" viewBox=\"0 0 1000 1000\" xmlns=\"http:\/\/www.w3.org\/2000\/svg\"><path d=\"M646 125C629 125 613 133 604 142L308 442C296 454 292 471 292 487 292 504 296 521 308 533L604 854C617 867 629 875 646 875 663 875 679 871 692 858 704 846 713 829 713 812 713 796 708 779 692 767L438 487 692 225C700 217 708 204 708 187 708 171 704 154 692 142 675 129 663 125 646 125Z\"><\/path><\/svg>\t\t\t\t\t<\/div>\n\t\t\t\t\t<div class=\"elementor-swiper-button elementor-swiper-button-next\" role=\"button\" tabindex=\"0\">\n\t\t\t\t\t\t<svg aria-hidden=\"true\" class=\"e-font-icon-svg e-eicon-chevron-right\" viewBox=\"0 0 1000 1000\" xmlns=\"http:\/\/www.w3.org\/2000\/svg\"><path d=\"M696 533C708 521 713 504 713 487 713 471 708 454 696 446L400 146C388 133 375 125 354 125 338 125 325 129 313 142 300 154 292 171 292 187 292 204 296 221 308 233L563 492 304 771C292 783 288 800 288 817 288 833 296 850 308 863 321 871 338 875 354 875 371 875 388 867 400 854L696 533Z\"><\/path><\/svg>\t\t\t\t\t<\/div>\n\t\t\t\t\n\t\t\t\t\t\t\t\t\t<div class=\"swiper-pagination\"><\/div>\n\t\t\t\t\t\t\t\t\t<\/div>\n\t\t\t\t\t\t<\/div>\n\t\t\t\t\t<\/div>\n\t\t<\/div>\n\t\t\t\t\t<\/div>\n\t\t<\/section>\n\t\t\t\t<\/div>\n\t\t","protected":false},"excerpt":{"rendered":"<p>Matomo Plugin &amp; Matomo Hosting Med Streamios Matomoplugin levereras videostatistik fr\u00e5n Streamio tillsammans med statistik fr\u00e5n webbplatser.\u00a0 Matomo kan best\u00e4llas direkt fr\u00e5n Streamio &#8211; d\u00e4r all data lagras inom EU. Matomo Plugin f\u00f6r videostatistik Videostatistik Med Streamios Matomo Plugin, som ing\u00e5r i alla v\u00e5ra Streamiopaket, kan vi leverera data fr\u00e5n videospelningar (eller livespelare) rakt in [&hellip;]<\/p>\n","protected":false},"author":2,"featured_media":0,"parent":0,"menu_order":0,"comment_status":"closed","ping_status":"closed","template":"","meta":{"_acf_changed":false,"footnotes":""},"class_list":["post-47345","page","type-page","status-publish","hentry"],"acf":[],"_links":{"self":[{"href":"https:\/\/www.streamio.com\/sv\/wp-json\/wp\/v2\/pages\/47345","targetHints":{"allow":["GET"]}}],"collection":[{"href":"https:\/\/www.streamio.com\/sv\/wp-json\/wp\/v2\/pages"}],"about":[{"href":"https:\/\/www.streamio.com\/sv\/wp-json\/wp\/v2\/types\/page"}],"author":[{"embeddable":true,"href":"https:\/\/www.streamio.com\/sv\/wp-json\/wp\/v2\/users\/2"}],"replies":[{"embeddable":true,"href":"https:\/\/www.streamio.com\/sv\/wp-json\/wp\/v2\/comments?post=47345"}],"version-history":[{"count":0,"href":"https:\/\/www.streamio.com\/sv\/wp-json\/wp\/v2\/pages\/47345\/revisions"}],"wp:attachment":[{"href":"https:\/\/www.streamio.com\/sv\/wp-json\/wp\/v2\/media?parent=47345"}],"curies":[{"name":"wp","href":"https:\/\/api.w.org\/{rel}","templated":true}]}}