{"id":14198,"date":"2021-07-20T09:41:39","date_gmt":"2021-07-20T07:41:39","guid":{"rendered":"https:\/\/www.streamio.com\/?page_id=14198"},"modified":"2023-09-20T08:10:13","modified_gmt":"2023-09-20T06:10:13","slug":"motesbokning","status":"publish","type":"page","link":"https:\/\/www.streamio.com\/sv\/motesbokning\/","title":{"rendered":"M\u00f6tesbokning"},"content":{"rendered":"\t\t<div data-elementor-type=\"wp-post\" data-elementor-id=\"14198\" class=\"elementor elementor-14198 elementor-14197\" data-elementor-post-type=\"page\">\n\t\t\t\t\t\t<section class=\"elementor-section elementor-top-section elementor-element elementor-element-2e28b0b3 elementor-section-stretched elementor-section-full_width elementor-section-height-min-height elementor-section-height-default elementor-section-items-middle\" data-id=\"2e28b0b3\" data-element_type=\"section\" data-e-type=\"section\" data-settings=\"{&quot;stretch_section&quot;:&quot;section-stretched&quot;,&quot;background_background&quot;:&quot;gradient&quot;}\">\n\t\t\t\t\t\t<div class=\"elementor-container elementor-column-gap-default\">\n\t\t\t\t\t<div class=\"elementor-column elementor-col-100 elementor-top-column elementor-element elementor-element-5d785e50\" data-id=\"5d785e50\" data-element_type=\"column\" data-e-type=\"column\">\n\t\t\t<div class=\"elementor-widget-wrap elementor-element-populated\">\n\t\t\t\t\t\t<div class=\"elementor-element elementor-element-4fa739a9 elementor-widget elementor-widget-heading\" data-id=\"4fa739a9\" data-element_type=\"widget\" data-e-type=\"widget\" data-widget_type=\"heading.default\">\n\t\t\t\t\t<h1 class=\"elementor-heading-title elementor-size-default\">M\u00f6tesbokning<\/h1>\t\t\t\t<\/div>\n\t\t\t\t<div class=\"elementor-element elementor-element-c33dfd6 elementor-widget elementor-widget-image\" data-id=\"c33dfd6\" data-element_type=\"widget\" data-e-type=\"widget\" data-widget_type=\"image.default\">\n\t\t\t\t\t\t\t\t\t\t\t\t\t\t\t<img fetchpriority=\"high\" decoding=\"async\" width=\"960\" height=\"720\" src=\"https:\/\/www.streamio.com\/wp-content\/uploads\/2022\/06\/Video-mo\u0308te.png\" class=\"attachment-full size-full wp-image-44549\" alt=\"M\u00f6te\" srcset=\"https:\/\/www.streamio.com\/wp-content\/uploads\/2022\/06\/Video-mo\u0308te.png 960w, https:\/\/www.streamio.com\/wp-content\/uploads\/2022\/06\/Video-mo\u0308te-300x225.png 300w, https:\/\/www.streamio.com\/wp-content\/uploads\/2022\/06\/Video-mo\u0308te-768x576.png 768w\" sizes=\"(max-width: 960px) 100vw, 960px\" title=\"\">\t\t\t\t\t\t\t\t\t\t\t\t\t\t\t<\/div>\n\t\t\t\t\t<\/div>\n\t\t<\/div>\n\t\t\t\t\t<\/div>\n\t\t<\/section>\n\t\t\t\t<section class=\"elementor-section elementor-top-section elementor-element elementor-element-ec8fd5f elementor-section-boxed elementor-section-height-default elementor-section-height-default\" data-id=\"ec8fd5f\" data-element_type=\"section\" data-e-type=\"section\">\n\t\t\t\t\t\t<div class=\"elementor-container elementor-column-gap-default\">\n\t\t\t\t\t<div class=\"elementor-column elementor-col-50 elementor-top-column elementor-element elementor-element-02d667a\" data-id=\"02d667a\" data-element_type=\"column\" data-e-type=\"column\">\n\t\t\t<div class=\"elementor-widget-wrap elementor-element-populated\">\n\t\t\t\t\t\t<div class=\"elementor-element elementor-element-e92c471 elementor-widget elementor-widget-heading\" data-id=\"e92c471\" data-element_type=\"widget\" data-e-type=\"widget\" data-widget_type=\"heading.default\">\n\t\t\t\t\t<h2 class=\"elementor-heading-title elementor-size-default\">Boka in ett online-m\u00f6te<\/h2>\t\t\t\t<\/div>\n\t\t\t\t<div class=\"elementor-element elementor-element-ea739fe elementor-widget elementor-widget-text-editor\" data-id=\"ea739fe\" data-element_type=\"widget\" data-e-type=\"widget\" data-widget_type=\"text-editor.default\">\n\t\t\t\t\t\t\t\t\t<p><span style=\"text-align: center; white-space-collapse: preserve;\">Vill du diskutera l\u00f6sningar eller f\u00e5 r\u00e5d om hur du lyckas med att anv\u00e4nda Streamio? Eller vill du f\u00e5 en personlig, djupg\u00e5ende demonstration av Streamio, eller diskutera och f\u00e5 tips om olika s\u00e4tt att anv\u00e4nda video online?<\/span><br style=\"text-align: center; white-space-collapse: preserve;\">Boka g\u00e4rna en tid f\u00f6r m\u00f6te direkt i min kalender, s\u00e5 hj\u00e4lper jag dig efter b\u00e4sta f\u00f6rm\u00e5ga.<\/p>\n<div style=\"text-align: start;\">&nbsp;<\/div>\t\t\t\t\t\t\t\t<\/div>\n\t\t\t\t<div class=\"elementor-element elementor-element-9f885a4 elementor-widget elementor-widget-image\" data-id=\"9f885a4\" data-element_type=\"widget\" data-e-type=\"widget\" data-widget_type=\"image.default\">\n\t\t\t\t\t\t\t\t\t\t\t\t\t\t\t<img decoding=\"async\" width=\"150\" height=\"150\" src=\"https:\/\/www.streamio.com\/wp-content\/uploads\/2021\/07\/Johan-Olde-150x150.jpg\" class=\"attachment-thumbnail size-thumbnail wp-image-14202\" alt=\"Johan Olde, CEO at Rackfish\" title=\"\">\t\t\t\t\t\t\t\t\t\t\t\t\t\t\t<\/div>\n\t\t\t\t<div class=\"elementor-element elementor-element-f6c70a3 elementor-widget elementor-widget-text-editor\" data-id=\"f6c70a3\" data-element_type=\"widget\" data-e-type=\"widget\" data-widget_type=\"text-editor.default\">\n\t\t\t\t\t\t\t\t\t<div>Johan Olde, VD p\u00e5 Rackfish \/ Streamio<\/div><p><br style=\"text-align: center; white-space-collapse: preserve;\" \/><span style=\"text-align: center; white-space-collapse: preserve;\">Du kan alltid n\u00e5 mig p\u00e5:<\/span><br style=\"text-align: center; white-space-collapse: preserve;\" \/><span style=\"font-weight: bold; text-align: center; white-space-collapse: preserve;\">Johan.Olde@rackfish.com<\/span><br style=\"text-align: center; white-space-collapse: preserve;\" \/><span style=\"font-weight: bold; text-align: center; white-space-collapse: preserve;\">08-42501818<\/span><\/p>\t\t\t\t\t\t\t\t<\/div>\n\t\t\t\t<div class=\"elementor-element elementor-element-73eb366 elementor-align-start elementor-icon-list--layout-traditional elementor-list-item-link-full_width elementor-widget elementor-widget-icon-list\" data-id=\"73eb366\" data-element_type=\"widget\" data-e-type=\"widget\" data-widget_type=\"icon-list.default\">\n\t\t\t\t\t\t\t<ul class=\"elementor-icon-list-items\">\n\t\t\t\t\t\t\t<li class=\"elementor-icon-list-item\">\n\t\t\t\t\t\t\t\t\t\t\t<a href=\"https:\/\/www.streamio.com\/sv\/kontakta-oss\/\">\n\n\t\t\t\t\t\t\t\t\t\t\t\t<span class=\"elementor-icon-list-icon\">\n\t\t\t\t\t\t\t<svg aria-hidden=\"true\" class=\"e-font-icon-svg e-fab-wpforms\" viewBox=\"0 0 448 512\" xmlns=\"http:\/\/www.w3.org\/2000\/svg\"><path d=\"M448 75.2v361.7c0 24.3-19 43.2-43.2 43.2H43.2C19.3 480 0 461.4 0 436.8V75.2C0 51.1 18.8 32 43.2 32h361.7c24 0 43.1 18.8 43.1 43.2zm-37.3 361.6V75.2c0-3-2.6-5.8-5.8-5.8h-9.3L285.3 144 224 94.1 162.8 144 52.5 69.3h-9.3c-3.2 0-5.8 2.8-5.8 5.8v361.7c0 3 2.6 5.8 5.8 5.8h361.7c3.2.1 5.8-2.7 5.8-5.8zM150.2 186v37H76.7v-37h73.5zm0 74.4v37.3H76.7v-37.3h73.5zm11.1-147.3l54-43.7H96.8l64.5 43.7zm210 72.9v37h-196v-37h196zm0 74.4v37.3h-196v-37.3h196zm-84.6-147.3l64.5-43.7H232.8l53.9 43.7zM371.3 335v37.3h-99.4V335h99.4z\"><\/path><\/svg>\t\t\t\t\t\t<\/span>\n\t\t\t\t\t\t\t\t\t\t<span class=\"elementor-icon-list-text\">Kontakta-oss formul\u00e4r<\/span>\n\t\t\t\t\t\t\t\t\t\t\t<\/a>\n\t\t\t\t\t\t\t\t\t<\/li>\n\t\t\t\t\t\t<\/ul>\n\t\t\t\t\t\t<\/div>\n\t\t\t\t\t<\/div>\n\t\t<\/div>\n\t\t\t\t<div class=\"elementor-column elementor-col-50 elementor-top-column elementor-element elementor-element-0e0ee04\" data-id=\"0e0ee04\" data-element_type=\"column\" data-e-type=\"column\">\n\t\t\t<div class=\"elementor-widget-wrap elementor-element-populated\">\n\t\t\t\t\t\t<div class=\"elementor-element elementor-element-d12dfbf elementor-widget elementor-widget-html\" data-id=\"d12dfbf\" data-element_type=\"widget\" data-e-type=\"widget\" data-widget_type=\"html.default\">\n\t\t\t\t\t<!-- Cal inline embed code begins -->\n<div style=\"width:100%;height:100%;overflow:scroll\" id=\"my-cal-inline\"><\/div>\n<script type=\"text\/javascript\">\n(function (C, A, L) { let p = function (a, ar) { a.q.push(ar); }; let d = C.document; C.Cal = C.Cal || function () { let cal = C.Cal; let ar = arguments; if (!cal.loaded) { cal.ns = {}; cal.q = cal.q || []; d.head.appendChild(d.createElement(\"script\")).src = A; cal.loaded = true; } if (ar[0] === L) { const api = function () { p(api, arguments); }; const namespace = ar[1]; api.q = api.q || []; typeof namespace === \"string\" ? (cal.ns[namespace] = api) && p(api, ar) : p(cal, ar); return; } p(cal, ar); }; })(window, \"https:\/\/booking.rackfish.com\/embed\/embed.js\", \"init\");\nCal(\"init\", {origin:\"https:\/\/booking.rackfish.com\"});\n\nCal(\"inline\", {\n  elementOrSelector:\"#my-cal-inline\",\n  calLink: \"johan\/streamio-demo\",\n  layout: \"month_view\"\n});\n\nCal(\"ui\", {\"styles\":{\"branding\":{\"brandColor\":\"#000000\"}},\"hideEventTypeDetails\":false,\"layout\":\"month_view\"});\n<\/script>\n<!-- Cal inline embed code ends -->\t\t\t\t<\/div>\n\t\t\t\t\t<\/div>\n\t\t<\/div>\n\t\t\t\t\t<\/div>\n\t\t<\/section>\n\t\t\t\t<\/div>\n\t\t","protected":false},"excerpt":{"rendered":"<p>M\u00f6tesbokning Boka in ett online-m\u00f6te Vill du diskutera l\u00f6sningar eller f\u00e5 r\u00e5d om hur du lyckas med att anv\u00e4nda Streamio? Eller vill du f\u00e5 en personlig, djupg\u00e5ende demonstration av Streamio, eller diskutera och f\u00e5 tips om olika s\u00e4tt att anv\u00e4nda video online?Boka g\u00e4rna en tid f\u00f6r m\u00f6te direkt i min kalender, s\u00e5 hj\u00e4lper jag dig [&hellip;]<\/p>\n","protected":false},"author":10,"featured_media":44549,"parent":0,"menu_order":20,"comment_status":"closed","ping_status":"closed","template":"","meta":{"_acf_changed":false,"footnotes":""},"class_list":["post-14198","page","type-page","status-publish","has-post-thumbnail","hentry"],"acf":[],"_links":{"self":[{"href":"https:\/\/www.streamio.com\/sv\/wp-json\/wp\/v2\/pages\/14198","targetHints":{"allow":["GET"]}}],"collection":[{"href":"https:\/\/www.streamio.com\/sv\/wp-json\/wp\/v2\/pages"}],"about":[{"href":"https:\/\/www.streamio.com\/sv\/wp-json\/wp\/v2\/types\/page"}],"author":[{"embeddable":true,"href":"https:\/\/www.streamio.com\/sv\/wp-json\/wp\/v2\/users\/10"}],"replies":[{"embeddable":true,"href":"https:\/\/www.streamio.com\/sv\/wp-json\/wp\/v2\/comments?post=14198"}],"version-history":[{"count":0,"href":"https:\/\/www.streamio.com\/sv\/wp-json\/wp\/v2\/pages\/14198\/revisions"}],"wp:featuredmedia":[{"embeddable":true,"href":"https:\/\/www.streamio.com\/sv\/wp-json\/wp\/v2\/media\/44549"}],"wp:attachment":[{"href":"https:\/\/www.streamio.com\/sv\/wp-json\/wp\/v2\/media?parent=14198"}],"curies":[{"name":"wp","href":"https:\/\/api.w.org\/{rel}","templated":true}]}}