{"id":11681,"date":"2021-05-10T08:31:29","date_gmt":"2021-05-10T06:31:29","guid":{"rendered":"https:\/\/www.streamio.com\/legal\/"},"modified":"2026-02-11T09:03:06","modified_gmt":"2026-02-11T08:03:06","slug":"legal","status":"publish","type":"page","link":"https:\/\/www.streamio.com\/sv\/legal\/","title":{"rendered":"Avtal och villkor"},"content":{"rendered":"\t\t<div data-elementor-type=\"wp-page\" data-elementor-id=\"11681\" class=\"elementor elementor-11681 elementor-11671\" data-elementor-post-type=\"page\">\n\t\t\t\t\t\t<section class=\"elementor-section elementor-top-section elementor-element elementor-element-ed40e6e elementor-section-height-min-height elementor-section-boxed elementor-section-height-default elementor-section-items-middle\" data-id=\"ed40e6e\" data-element_type=\"section\" data-e-type=\"section\" data-settings=\"{&quot;background_background&quot;:&quot;gradient&quot;}\">\n\t\t\t\t\t\t<div class=\"elementor-container elementor-column-gap-default\">\n\t\t\t\t\t<div class=\"elementor-column elementor-col-100 elementor-top-column elementor-element elementor-element-59e4526\" data-id=\"59e4526\" data-element_type=\"column\" data-e-type=\"column\">\n\t\t\t<div class=\"elementor-widget-wrap elementor-element-populated\">\n\t\t\t\t\t\t<div class=\"elementor-element elementor-element-293e793 elementor-widget elementor-widget-heading\" data-id=\"293e793\" data-element_type=\"widget\" data-e-type=\"widget\" data-widget_type=\"heading.default\">\n\t\t\t\t\t<h1 class=\"elementor-heading-title elementor-size-default\">Avtal och villkor<\/h1>\t\t\t\t<\/div>\n\t\t\t\t\t<\/div>\n\t\t<\/div>\n\t\t\t\t\t<\/div>\n\t\t<\/section>\n\t\t\t\t<section class=\"elementor-section elementor-top-section elementor-element elementor-element-7b34f7a2 elementor-section-boxed elementor-section-height-default elementor-section-height-default\" data-id=\"7b34f7a2\" data-element_type=\"section\" data-e-type=\"section\">\n\t\t\t\t\t\t<div class=\"elementor-container elementor-column-gap-default\">\n\t\t\t\t\t<div class=\"elementor-column elementor-col-100 elementor-top-column elementor-element elementor-element-1ee2b3aa\" data-id=\"1ee2b3aa\" data-element_type=\"column\" data-e-type=\"column\">\n\t\t\t<div class=\"elementor-widget-wrap elementor-element-populated\">\n\t\t\t\t\t\t<div class=\"elementor-element elementor-element-2acf69c7 elementor-widget elementor-widget-text-editor\" data-id=\"2acf69c7\" data-element_type=\"widget\" data-e-type=\"widget\" data-widget_type=\"text-editor.default\">\n\t\t\t\t\t\t\t\t\t<h2>Din integritet, cookies, v\u00e5r hantering av personuppgifter, GDPR med mera.<\/h2><p>Vi anv\u00e4nder standardavtal fr\u00e5n TechSverige, en medlemsorganisation med ca 1,400 medlemmar och n\u00e4stan 100,000 anst\u00e4llda. Dessa avtal \u00e4r i linje med GDPR.<\/p><p>Information om v\u00e5r integritetspolicy: <a href=\"https:\/\/www.streamio.com\/sv\/integritetspolicy\/\">svenska<\/a> | <a href=\"https:\/\/www.streamio.com\/privacy-policy\/\">engelska<\/a><\/p><p><span style=\"color: #000080;\">Klicka h\u00e4r f\u00f6r Cookies &amp; Cookie-policy<\/span><\/p><h2>Allm\u00e4nna villkor och avtal<\/h2><p>V\u00e5ra tidigare avtal ers\u00e4tts nu av standardavtalen fr\u00e5n TechSverige. Kontakta oss om du vill granska dessa. Dessa h\u00e4nvisar till v\u00e5r <a href=\"https:\/\/www.rackfish.com\/wp-content\/uploads\/2020\/09\/it.anvandarpolicy.20180125.pdf\" rel=\"noopener\">IT-policy<\/a> och <a href=\"https:\/\/www.rackfish.com\/wp-content\/uploads\/2020\/09\/it.sakerhetspolicy.20180417.pdf\" rel=\"noopener\">s\u00e4kerhetspolicy<\/a>.<\/p><h2>Streamio Anv\u00e4ndarvillkor<\/h2><p>Streamio anv\u00e4ndarvillkor: <a href=\"https:\/\/www.streamio.com\/wp-content\/uploads\/2022\/08\/Streamio-Anvandarvillkor.pdf\">svenska<\/a>\u00a0| <a href=\"https:\/\/www.streamio.com\/wp-content\/uploads\/2026\/02\/Streamio-Terms-of-service.pdf\">engelska<\/a><\/p><h2 style=\"font-family: Roboto, sans-serif; color: #54595f;\">Streamio Textningstj\u00e4nst<\/h2><p>Anv\u00e4ndarvillkor f\u00f6r Streamios textningstj\u00e4nst:\u00a0<a style=\"color: #11538f;\" href=\"https:\/\/www.streamio.com\/wp-content\/uploads\/2025\/09\/Anvandarvillkor-Streamio-Textningstjanst.pdf\">svenska<\/a>\u00a0|\u00a0<a style=\"color: #11538f;\" href=\"https:\/\/www.streamio.com\/wp-content\/uploads\/2025\/09\/Terms-of-Service-Streamio-Subtitling-Service.pdf\">engelska<\/a><\/p><h2>Rackfish SLA<\/h2><p>V\u00e5ra serviceniv\u00e5avtal: <a href=\"https:\/\/www.rackfish.com\/wp-content\/uploads\/2014\/08\/SLA-Svenska.pdf\" rel=\"noopener\">svenska<\/a> | <a href=\"https:\/\/www.rackfish.com\/wp-content\/uploads\/2014\/08\/SLA-English.pdf\" rel=\"noopener\">engelska<\/a><\/p><h2>Impressum (Germany)<\/h2><p>F\u00f6r v\u00e5ra tyska anv\u00e4ndare: <a href=\"https:\/\/www.streamio.com\/sv\/impressum-germany\/\">Impressum<\/a><\/p>\t\t\t\t\t\t\t\t<\/div>\n\t\t\t\t\t<\/div>\n\t\t<\/div>\n\t\t\t\t\t<\/div>\n\t\t<\/section>\n\t\t\t\t<\/div>\n\t\t","protected":false},"excerpt":{"rendered":"<p>Avtal och villkor Din integritet, cookies, v\u00e5r hantering av personuppgifter, GDPR med mera. Vi anv\u00e4nder standardavtal fr\u00e5n TechSverige, en medlemsorganisation med ca 1,400 medlemmar och n\u00e4stan 100,000 anst\u00e4llda. Dessa avtal \u00e4r i linje med GDPR. Information om v\u00e5r integritetspolicy: svenska | engelska Klicka h\u00e4r f\u00f6r Cookies &amp; Cookie-policy Allm\u00e4nna villkor och avtal V\u00e5ra tidigare avtal [&hellip;]<\/p>\n","protected":false},"author":2,"featured_media":0,"parent":0,"menu_order":0,"comment_status":"closed","ping_status":"closed","template":"elementor_header_footer","meta":{"_acf_changed":false,"footnotes":""},"class_list":["post-11681","page","type-page","status-publish","hentry"],"acf":[],"_links":{"self":[{"href":"https:\/\/www.streamio.com\/sv\/wp-json\/wp\/v2\/pages\/11681","targetHints":{"allow":["GET"]}}],"collection":[{"href":"https:\/\/www.streamio.com\/sv\/wp-json\/wp\/v2\/pages"}],"about":[{"href":"https:\/\/www.streamio.com\/sv\/wp-json\/wp\/v2\/types\/page"}],"author":[{"embeddable":true,"href":"https:\/\/www.streamio.com\/sv\/wp-json\/wp\/v2\/users\/2"}],"replies":[{"embeddable":true,"href":"https:\/\/www.streamio.com\/sv\/wp-json\/wp\/v2\/comments?post=11681"}],"version-history":[{"count":6,"href":"https:\/\/www.streamio.com\/sv\/wp-json\/wp\/v2\/pages\/11681\/revisions"}],"predecessor-version":[{"id":57650,"href":"https:\/\/www.streamio.com\/sv\/wp-json\/wp\/v2\/pages\/11681\/revisions\/57650"}],"wp:attachment":[{"href":"https:\/\/www.streamio.com\/sv\/wp-json\/wp\/v2\/media?parent=11681"}],"curies":[{"name":"wp","href":"https:\/\/api.w.org\/{rel}","templated":true}]}}